{"id":20342,"date":"2020-08-06T17:06:17","date_gmt":"2020-08-06T16:06:17","guid":{"rendered":"http:\/\/montreux-vieux.net\/?page_id=20342"},"modified":"2020-08-06T17:06:17","modified_gmt":"2020-08-06T16:06:17","slug":"fermeture-tardive","status":"publish","type":"page","link":"https:\/\/montreux-vieux.net\/?page_id=20342","title":{"rendered":"Fermeture tardive"},"content":{"rendered":"\n<p>MONTREUX-VIEUX. \u2014 Fermeture tardive. -\u2014 A minuit 20, 150 consommateurs ou danseurs se trouvaient encore au caf\u00e9 Heinis \u00e0 Montreux-Vieux. Le cafetier a \u00e9t\u00e9 verbalis\u00e9.<\/p>\n\n\n\n<p>Sources&nbsp;: L\u2019Express de Mulhouse 21 juin 1926<\/p>\n","protected":false},"excerpt":{"rendered":"<p>MONTREUX-VIEUX. \u2014 Fermeture tardive. -\u2014 A minuit 20, 150 consommateurs ou danseurs se trouvaient encore au caf\u00e9 Heinis \u00e0 Montreux-Vieux. Le cafetier a \u00e9t\u00e9 verbalis\u00e9. Sources&nbsp;: L\u2019Express de Mulhouse 21 juin 1926<\/p>\n","protected":false},"author":1,"featured_media":0,"parent":13044,"menu_order":475,"comment_status":"closed","ping_status":"open","template":"","meta":{"footnotes":""},"class_list":["post-20342","page","type-page","status-publish","hentry"],"_links":{"self":[{"href":"https:\/\/montreux-vieux.net\/index.php?rest_route=\/wp\/v2\/pages\/20342","targetHints":{"allow":["GET"]}}],"collection":[{"href":"https:\/\/montreux-vieux.net\/index.php?rest_route=\/wp\/v2\/pages"}],"about":[{"href":"https:\/\/montreux-vieux.net\/index.php?rest_route=\/wp\/v2\/types\/page"}],"author":[{"embeddable":true,"href":"https:\/\/montreux-vieux.net\/index.php?rest_route=\/wp\/v2\/users\/1"}],"replies":[{"embeddable":true,"href":"https:\/\/montreux-vieux.net\/index.php?rest_route=%2Fwp%2Fv2%2Fcomments&post=20342"}],"version-history":[{"count":1,"href":"https:\/\/montreux-vieux.net\/index.php?rest_route=\/wp\/v2\/pages\/20342\/revisions"}],"predecessor-version":[{"id":20343,"href":"https:\/\/montreux-vieux.net\/index.php?rest_route=\/wp\/v2\/pages\/20342\/revisions\/20343"}],"up":[{"embeddable":true,"href":"https:\/\/montreux-vieux.net\/index.php?rest_route=\/wp\/v2\/pages\/13044"}],"wp:attachment":[{"href":"https:\/\/montreux-vieux.net\/index.php?rest_route=%2Fwp%2Fv2%2Fmedia&parent=20342"}],"curies":[{"name":"wp","href":"https:\/\/api.w.org\/{rel}","templated":true}]}}