{"id":20345,"date":"2020-08-06T17:17:06","date_gmt":"2020-08-06T16:17:06","guid":{"rendered":"http:\/\/montreux-vieux.net\/?page_id=20345"},"modified":"2020-08-06T17:17:06","modified_gmt":"2020-08-06T16:17:06","slug":"le-service-des-marchandises-le-jour-de-naissance-de-s-m-lempereur","status":"publish","type":"page","link":"https:\/\/montreux-vieux.net\/?page_id=20345","title":{"rendered":"Le service des marchandises, le jour de naissance de S. M. l\u2019empereur,"},"content":{"rendered":"\n<p>Le service des marchandises, le jour de naissance de S. M. l\u2019empereur, le 27 janvier prochain, sera restreint comme tous les ans. Les exp\u00e9ditions ne pourront \u00eatre re\u00e7ues que jusqu\u2019\u00e0 5 h. du soir aux bureaux de grande\u00a0 et petite vitesse Mulhouse-ville, Gare et Nord., de m\u00eame qu\u2019\u00e0 Montreux-Vieux. Le service des voies de d\u00e9chargement sp\u00e9ciales ne subira pas de modifications<\/p>\n\n\n\n<p>Sources&nbsp;: Express 20 janvier 1913<\/p>\n","protected":false},"excerpt":{"rendered":"<p>Le service des marchandises, le jour de naissance de S. M. l\u2019empereur, le 27 janvier prochain, sera restreint comme tous les ans. Les exp\u00e9ditions ne pourront \u00eatre re\u00e7ues que jusqu\u2019\u00e0 5 h. du soir aux bureaux de grande\u00a0 et petite &hellip; <a href=\"https:\/\/montreux-vieux.net\/?page_id=20345\">Continuer la lecture <span class=\"meta-nav\">&rarr;<\/span><\/a><\/p>\n","protected":false},"author":1,"featured_media":0,"parent":13007,"menu_order":90,"comment_status":"closed","ping_status":"open","template":"","meta":{"footnotes":""},"class_list":["post-20345","page","type-page","status-publish","hentry"],"_links":{"self":[{"href":"https:\/\/montreux-vieux.net\/index.php?rest_route=\/wp\/v2\/pages\/20345","targetHints":{"allow":["GET"]}}],"collection":[{"href":"https:\/\/montreux-vieux.net\/index.php?rest_route=\/wp\/v2\/pages"}],"about":[{"href":"https:\/\/montreux-vieux.net\/index.php?rest_route=\/wp\/v2\/types\/page"}],"author":[{"embeddable":true,"href":"https:\/\/montreux-vieux.net\/index.php?rest_route=\/wp\/v2\/users\/1"}],"replies":[{"embeddable":true,"href":"https:\/\/montreux-vieux.net\/index.php?rest_route=%2Fwp%2Fv2%2Fcomments&post=20345"}],"version-history":[{"count":1,"href":"https:\/\/montreux-vieux.net\/index.php?rest_route=\/wp\/v2\/pages\/20345\/revisions"}],"predecessor-version":[{"id":20346,"href":"https:\/\/montreux-vieux.net\/index.php?rest_route=\/wp\/v2\/pages\/20345\/revisions\/20346"}],"up":[{"embeddable":true,"href":"https:\/\/montreux-vieux.net\/index.php?rest_route=\/wp\/v2\/pages\/13007"}],"wp:attachment":[{"href":"https:\/\/montreux-vieux.net\/index.php?rest_route=%2Fwp%2Fv2%2Fmedia&parent=20345"}],"curies":[{"name":"wp","href":"https:\/\/api.w.org\/{rel}","templated":true}]}}