{"id":20359,"date":"2020-08-07T09:38:26","date_gmt":"2020-08-07T08:38:26","guid":{"rendered":"http:\/\/montreux-vieux.net\/?page_id=20359"},"modified":"2020-08-07T09:38:26","modified_gmt":"2020-08-07T08:38:26","slug":"la-casse-se-paye","status":"publish","type":"page","link":"https:\/\/montreux-vieux.net\/?page_id=20359","title":{"rendered":"La casse se paye"},"content":{"rendered":"\n<p>La casse se paye&#8230; \u2014 Le jeune Armand B., 19 ans, de Montreux-Vieux, est un aimable gar\u00e7on. Seulement il a le vin, ou plut\u00f4t la bi\u00e8re mauvaise. On le vit l\u2019autre jour quand, attabl\u00e9 au restaurant C.. \u00e0 Valdieu, notre jeune homme, histoire de s\u2019amuser un brin, lan\u00e7a par la fen\u00eatre le bock qu\u2019il venait de vider. D\u2019o\u00f9 explication orageuse avec le restaurateur, qui fut finalement s\u00e9rieusement bouscul\u00e9, apr\u00e8s que plusieurs autres verres eurent vol\u00e9 en \u00e9clats&#8230; Le lendemain, Armand B. vint s\u2019excuser mais le restaurateur, qui n\u2019entend pas les plaisanteries de ce calibre, n\u2019en a pas moins maintenu sa plainte<\/p>\n\n\n\n<p>Sources&nbsp;: L\u2019Express de Mulhouse 19 ao\u00fbt 1931<\/p>\n","protected":false},"excerpt":{"rendered":"<p>La casse se paye&#8230; \u2014 Le jeune Armand B., 19 ans, de Montreux-Vieux, est un aimable gar\u00e7on. Seulement il a le vin, ou plut\u00f4t la bi\u00e8re mauvaise. On le vit l\u2019autre jour quand, attabl\u00e9 au restaurant C.. \u00e0 Valdieu, notre &hellip; <a href=\"https:\/\/montreux-vieux.net\/?page_id=20359\">Continuer la lecture <span class=\"meta-nav\">&rarr;<\/span><\/a><\/p>\n","protected":false},"author":1,"featured_media":0,"parent":13044,"menu_order":480,"comment_status":"closed","ping_status":"open","template":"","meta":{"footnotes":""},"class_list":["post-20359","page","type-page","status-publish","hentry"],"_links":{"self":[{"href":"https:\/\/montreux-vieux.net\/index.php?rest_route=\/wp\/v2\/pages\/20359","targetHints":{"allow":["GET"]}}],"collection":[{"href":"https:\/\/montreux-vieux.net\/index.php?rest_route=\/wp\/v2\/pages"}],"about":[{"href":"https:\/\/montreux-vieux.net\/index.php?rest_route=\/wp\/v2\/types\/page"}],"author":[{"embeddable":true,"href":"https:\/\/montreux-vieux.net\/index.php?rest_route=\/wp\/v2\/users\/1"}],"replies":[{"embeddable":true,"href":"https:\/\/montreux-vieux.net\/index.php?rest_route=%2Fwp%2Fv2%2Fcomments&post=20359"}],"version-history":[{"count":1,"href":"https:\/\/montreux-vieux.net\/index.php?rest_route=\/wp\/v2\/pages\/20359\/revisions"}],"predecessor-version":[{"id":20360,"href":"https:\/\/montreux-vieux.net\/index.php?rest_route=\/wp\/v2\/pages\/20359\/revisions\/20360"}],"up":[{"embeddable":true,"href":"https:\/\/montreux-vieux.net\/index.php?rest_route=\/wp\/v2\/pages\/13044"}],"wp:attachment":[{"href":"https:\/\/montreux-vieux.net\/index.php?rest_route=%2Fwp%2Fv2%2Fmedia&parent=20359"}],"curies":[{"name":"wp","href":"https:\/\/api.w.org\/{rel}","templated":true}]}}