{"id":20370,"date":"2020-08-08T15:00:52","date_gmt":"2020-08-08T14:00:52","guid":{"rendered":"http:\/\/montreux-vieux.net\/?page_id=20370"},"modified":"2020-11-02T14:19:16","modified_gmt":"2020-11-02T13:19:16","slug":"telephone","status":"publish","type":"page","link":"https:\/\/montreux-vieux.net\/?page_id=20370","title":{"rendered":"T\u00e9l\u00e9phone."},"content":{"rendered":"\n<p>T\u00e9l\u00e9phone. \u2014 Les communications t\u00e9l\u00e9phoniques seront \u00e9tablies, \u00e0 partir du 20 juillet, entre Montreux &#8211; Vieux et B\u00e2le, entre Dannemarie et les localit\u00e9s suisses d\u2019Aaran, Berne, Bienne, Chaux-de-Fonds, D\u00e9l\u00e9mont, Gen\u00e8ve. St-Gall, Soleure, Wintertour, Zofingen et et Zurich. Le prix de la conversation de 3 minutes est de M. 2, entre Dannemarie et Gen\u00e8ve, et de M. 1 pour les autres localit\u00e9s<\/p>\n\n\n\n<p>Sources\u00a0: Express 18 juillet 1901<\/p>\n\n\n\n<p>T\u00e9l\u00e9phone. \u2014 Un bureau public de t\u00e9l\u00e9phone a \u00e9t\u00e9 ouvert hier \u00e0 Montreux-Vieux.<\/p>\n\n\n\n<p>Sources&nbsp;; Express 11 ao\u00fbt 1900<\/p>\n","protected":false},"excerpt":{"rendered":"<p>T\u00e9l\u00e9phone. \u2014 Les communications t\u00e9l\u00e9phoniques seront \u00e9tablies, \u00e0 partir du 20 juillet, entre Montreux &#8211; Vieux et B\u00e2le, entre Dannemarie et les localit\u00e9s suisses d\u2019Aaran, Berne, Bienne, Chaux-de-Fonds, D\u00e9l\u00e9mont, Gen\u00e8ve. St-Gall, Soleure, Wintertour, Zofingen et et Zurich. Le prix de &hellip; <a href=\"https:\/\/montreux-vieux.net\/?page_id=20370\">Continuer la lecture <span class=\"meta-nav\">&rarr;<\/span><\/a><\/p>\n","protected":false},"author":1,"featured_media":0,"parent":1502,"menu_order":65,"comment_status":"closed","ping_status":"open","template":"","meta":{"footnotes":""},"class_list":["post-20370","page","type-page","status-publish","hentry"],"_links":{"self":[{"href":"https:\/\/montreux-vieux.net\/index.php?rest_route=\/wp\/v2\/pages\/20370","targetHints":{"allow":["GET"]}}],"collection":[{"href":"https:\/\/montreux-vieux.net\/index.php?rest_route=\/wp\/v2\/pages"}],"about":[{"href":"https:\/\/montreux-vieux.net\/index.php?rest_route=\/wp\/v2\/types\/page"}],"author":[{"embeddable":true,"href":"https:\/\/montreux-vieux.net\/index.php?rest_route=\/wp\/v2\/users\/1"}],"replies":[{"embeddable":true,"href":"https:\/\/montreux-vieux.net\/index.php?rest_route=%2Fwp%2Fv2%2Fcomments&post=20370"}],"version-history":[{"count":2,"href":"https:\/\/montreux-vieux.net\/index.php?rest_route=\/wp\/v2\/pages\/20370\/revisions"}],"predecessor-version":[{"id":21851,"href":"https:\/\/montreux-vieux.net\/index.php?rest_route=\/wp\/v2\/pages\/20370\/revisions\/21851"}],"up":[{"embeddable":true,"href":"https:\/\/montreux-vieux.net\/index.php?rest_route=\/wp\/v2\/pages\/1502"}],"wp:attachment":[{"href":"https:\/\/montreux-vieux.net\/index.php?rest_route=%2Fwp%2Fv2%2Fmedia&parent=20370"}],"curies":[{"name":"wp","href":"https:\/\/api.w.org\/{rel}","templated":true}]}}