{"id":20373,"date":"2020-08-08T15:13:47","date_gmt":"2020-08-08T14:13:47","guid":{"rendered":"http:\/\/montreux-vieux.net\/?page_id=20373"},"modified":"2020-08-08T15:13:47","modified_gmt":"2020-08-08T14:13:47","slug":"le-domestique-a-vendu-le-cheval-et-la-voiture-de-son-maitre","status":"publish","type":"page","link":"https:\/\/montreux-vieux.net\/?page_id=20373","title":{"rendered":"Le domestique a vendu le cheval et la voiture de son ma\u00eetre"},"content":{"rendered":"\n<p>Altm\u00fcnsterol (Montreux-Vieux). \u2014 On nous \u00e9crit le 8 : La justice fran\u00e7aise a livr\u00e9 hier \u00e0 la gendarmerie allemande le nomm\u00e9 Diemunsch, de Guebwiller, dont nous avons racont\u00e9 r\u00e9cemment la fuite et l\u2019arrestation \u00e0 Belfort. On se rappelle que ce domestique infid\u00e8le avait pass\u00e9 la fronti\u00e8re apr\u00e8s avoir vendu la voiture et le cheval de son ma\u00eetre. On n\u2019a plus trouv\u00e9 d\u2019argent sur lui, mais son transfert \u00e0 la prison de Mulhouse aura pour effet de servir d\u2019exemple \u00e0 ceux qui seraient tent\u00e9s d&rsquo;imiter son infid\u00e9lit\u00e9.<\/p>\n\n\n\n<p>Sources&nbsp;; Express 9 mars 1890<\/p>\n","protected":false},"excerpt":{"rendered":"<p>Altm\u00fcnsterol (Montreux-Vieux). \u2014 On nous \u00e9crit le 8 : La justice fran\u00e7aise a livr\u00e9 hier \u00e0 la gendarmerie allemande le nomm\u00e9 Diemunsch, de Guebwiller, dont nous avons racont\u00e9 r\u00e9cemment la fuite et l\u2019arrestation \u00e0 Belfort. On se rappelle que ce &hellip; <a href=\"https:\/\/montreux-vieux.net\/?page_id=20373\">Continuer la lecture <span class=\"meta-nav\">&rarr;<\/span><\/a><\/p>\n","protected":false},"author":1,"featured_media":0,"parent":13044,"menu_order":485,"comment_status":"closed","ping_status":"open","template":"","meta":{"footnotes":""},"class_list":["post-20373","page","type-page","status-publish","hentry"],"_links":{"self":[{"href":"https:\/\/montreux-vieux.net\/index.php?rest_route=\/wp\/v2\/pages\/20373","targetHints":{"allow":["GET"]}}],"collection":[{"href":"https:\/\/montreux-vieux.net\/index.php?rest_route=\/wp\/v2\/pages"}],"about":[{"href":"https:\/\/montreux-vieux.net\/index.php?rest_route=\/wp\/v2\/types\/page"}],"author":[{"embeddable":true,"href":"https:\/\/montreux-vieux.net\/index.php?rest_route=\/wp\/v2\/users\/1"}],"replies":[{"embeddable":true,"href":"https:\/\/montreux-vieux.net\/index.php?rest_route=%2Fwp%2Fv2%2Fcomments&post=20373"}],"version-history":[{"count":1,"href":"https:\/\/montreux-vieux.net\/index.php?rest_route=\/wp\/v2\/pages\/20373\/revisions"}],"predecessor-version":[{"id":20374,"href":"https:\/\/montreux-vieux.net\/index.php?rest_route=\/wp\/v2\/pages\/20373\/revisions\/20374"}],"up":[{"embeddable":true,"href":"https:\/\/montreux-vieux.net\/index.php?rest_route=\/wp\/v2\/pages\/13044"}],"wp:attachment":[{"href":"https:\/\/montreux-vieux.net\/index.php?rest_route=%2Fwp%2Fv2%2Fmedia&parent=20373"}],"curies":[{"name":"wp","href":"https:\/\/api.w.org\/{rel}","templated":true}]}}