{"id":2038,"date":"2011-10-05T07:56:08","date_gmt":"2011-10-05T06:56:08","guid":{"rendered":"http:\/\/montreux-vieux.org\/?page_id=2038"},"modified":"2011-10-05T07:56:08","modified_gmt":"2011-10-05T06:56:08","slug":"tout-commence-par-un-sourire","status":"publish","type":"page","link":"https:\/\/montreux-vieux.net\/?page_id=2038","title":{"rendered":"Tout commence par un sourire"},"content":{"rendered":"<div style=\"text-align: center;\"><span style=\"color: #993300;\">Tout commence par un sourire<\/span><\/div>\n<div style=\"text-align: center;\"><span style=\"color: #993300;\">\u00a0<\/span><\/div>\n<div>Tout commence par un sourire, le don de soi le plus beau !<\/div>\n<div>Un sourire conduit \u00e0 tout, un sourire et une histoire est n\u00e9e !<\/div>\n<div>Un sourire ouvre toutes les possibilit\u00e9s d&rsquo;\u00e9change<\/div>\n<div>Quand un c\u0153ur est malade, seul un sourire peut le soigner<\/div>\n<div>\u00a0<\/div>\n<div>Quand un c\u0153ur est bris\u00e9, seul un sourire peut le r\u00e9parer<\/div>\n<div>Quand un c\u0153ur est bless\u00e9, seul un sourire peut le panser<\/div>\n<div>Quand un c\u0153ur saigne, seul un sourire peut agir<\/div>\n<div>Mais un sourire fait na\u00eetre aussi des histoires merveilleuses<\/div>\n<div>\u00a0<\/div>\n<div>Histoire d&rsquo;amiti\u00e9, histoire d&rsquo;amour !<\/div>\n<div>Histoire d&rsquo;Homme ou histoire tout court !<\/div>\n<div>Un sourire a beaucoup de pouvoirs<\/div>\n<div>Un sourire peut tout changer<\/div>\n<div>\u00a0<\/div>\n<div>Un sourire et la vie redevient plus belle !<\/div>\n<div>Un sourire et on repart de plus belle !<\/div>\n<div>Un sourire calme les angoisses les plus profondes<\/div>\n<div>Un sourire ram\u00e8ne \u00e0 la vie et \u00e0 l&rsquo;espoir<\/div>\n<div>\u00a0<\/div>\n<div>Un sourire rend l&rsquo;impossible possible<\/div>\n<div>Il illumine les visages et irradie les c\u0153urs de gaiet\u00e9<\/div>\n<div>Il est in\u00e9puisable, inalt\u00e9rable et sans fin<\/div>\n<div>C&rsquo;est le signal d&rsquo;une belle histoire qui commence<\/div>\n<div>\u00a0<\/div>\n<div>Le vrai sourire est un v\u00e9ritable d\u00e9tonateur<\/div>\n<div>Car, toute histoire commence par un sourire !<\/div>\n<div>Alors, \u00e0 chaque fois, souriez et on vous sourira !<\/div>\n<div>Souriez \u00e0 la vie, et votre vie n&rsquo;en sera que plus rayonnante !<\/div>\n","protected":false},"excerpt":{"rendered":"<p>Tout commence par un sourire \u00a0 Tout commence par un sourire, le don de soi le plus beau ! Un sourire conduit \u00e0 tout, un sourire et une histoire est n\u00e9e ! Un sourire ouvre toutes les possibilit\u00e9s d&rsquo;\u00e9change Quand &hellip; <a href=\"https:\/\/montreux-vieux.net\/?page_id=2038\">Continuer la lecture <span class=\"meta-nav\">&rarr;<\/span><\/a><\/p>\n","protected":false},"author":1,"featured_media":0,"parent":1467,"menu_order":0,"comment_status":"open","ping_status":"open","template":"","meta":{"footnotes":""},"class_list":["post-2038","page","type-page","status-publish","hentry"],"_links":{"self":[{"href":"https:\/\/montreux-vieux.net\/index.php?rest_route=\/wp\/v2\/pages\/2038","targetHints":{"allow":["GET"]}}],"collection":[{"href":"https:\/\/montreux-vieux.net\/index.php?rest_route=\/wp\/v2\/pages"}],"about":[{"href":"https:\/\/montreux-vieux.net\/index.php?rest_route=\/wp\/v2\/types\/page"}],"author":[{"embeddable":true,"href":"https:\/\/montreux-vieux.net\/index.php?rest_route=\/wp\/v2\/users\/1"}],"replies":[{"embeddable":true,"href":"https:\/\/montreux-vieux.net\/index.php?rest_route=%2Fwp%2Fv2%2Fcomments&post=2038"}],"version-history":[{"count":1,"href":"https:\/\/montreux-vieux.net\/index.php?rest_route=\/wp\/v2\/pages\/2038\/revisions"}],"predecessor-version":[{"id":2039,"href":"https:\/\/montreux-vieux.net\/index.php?rest_route=\/wp\/v2\/pages\/2038\/revisions\/2039"}],"up":[{"embeddable":true,"href":"https:\/\/montreux-vieux.net\/index.php?rest_route=\/wp\/v2\/pages\/1467"}],"wp:attachment":[{"href":"https:\/\/montreux-vieux.net\/index.php?rest_route=%2Fwp%2Fv2%2Fmedia&parent=2038"}],"curies":[{"name":"wp","href":"https:\/\/api.w.org\/{rel}","templated":true}]}}