{"id":20386,"date":"2020-08-09T14:24:45","date_gmt":"2020-08-09T13:24:45","guid":{"rendered":"http:\/\/montreux-vieux.net\/?page_id=20386"},"modified":"2020-08-09T14:28:56","modified_gmt":"2020-08-09T13:28:56","slug":"deces-de-m-philibert-staffelbach-chef-de-reseau-au-reseau-des-chemin-de-fer-dalsace-lorraine","status":"publish","type":"page","link":"https:\/\/montreux-vieux.net\/?page_id=20386","title":{"rendered":"D\u00e9c\u00e8s de M. Philibert Staffelbach, chef de r\u00e9seau au r\u00e9seau des chemin de fer d&rsquo;Alsace-Lorraine"},"content":{"rendered":"\n<p>Vendredi dernier, on a port\u00e9 \u00e0 sa derni\u00e8re demeure M. Philibert Staffelbach, domicili\u00e9 \u00e0 Montreux-Vieux, chef de canton au r\u00e9seau des chemins de fer d\u2019Alsace &#8211; Lorraine. Sa mort est pr\u00e9matur\u00e9e, \u00e9tant donn\u00e9 que le d\u00e9c\u00e9d\u00e9 n\u2019avait pas encore 46 ans r\u00e9volus. Rarement on a vu un si grand enterrement \u00e0 Oderen. L\u2019\u00e9glise \u00e9tait litt\u00e9ralement bond\u00e9e de cheminots et d\u2019anciens combattants. M. Alphonse M\u00e9ny pr\u00e9sident de l&rsquo;U. N. C., a fait l\u2019\u00e9loge fun\u00e8bre du d\u00e9funt. La soci\u00e9t\u00e9 chorale \u00abHarmonie\u00bb d\u2019Oderen a chant\u00e9 \u00e0 son ancien membre une .messe de Requiem \u00e0 quatre voix, ainsi qu\u2019un \u00abDe profundis\u00bb. M. Staffelbach laisse une jeune veuve et une fillette de 11 ans.<\/p>\n\n\n\n<p>Sources&nbsp;: Express de Mulhouse 19 juillet 1932<\/p>\n","protected":false},"excerpt":{"rendered":"<p>Vendredi dernier, on a port\u00e9 \u00e0 sa derni\u00e8re demeure M. Philibert Staffelbach, domicili\u00e9 \u00e0 Montreux-Vieux, chef de canton au r\u00e9seau des chemins de fer d\u2019Alsace &#8211; Lorraine. Sa mort est pr\u00e9matur\u00e9e, \u00e9tant donn\u00e9 que le d\u00e9c\u00e9d\u00e9 n\u2019avait pas encore 46 &hellip; <a href=\"https:\/\/montreux-vieux.net\/?page_id=20386\">Continuer la lecture <span class=\"meta-nav\">&rarr;<\/span><\/a><\/p>\n","protected":false},"author":1,"featured_media":0,"parent":13013,"menu_order":85,"comment_status":"closed","ping_status":"open","template":"","meta":{"footnotes":""},"class_list":["post-20386","page","type-page","status-publish","hentry"],"_links":{"self":[{"href":"https:\/\/montreux-vieux.net\/index.php?rest_route=\/wp\/v2\/pages\/20386","targetHints":{"allow":["GET"]}}],"collection":[{"href":"https:\/\/montreux-vieux.net\/index.php?rest_route=\/wp\/v2\/pages"}],"about":[{"href":"https:\/\/montreux-vieux.net\/index.php?rest_route=\/wp\/v2\/types\/page"}],"author":[{"embeddable":true,"href":"https:\/\/montreux-vieux.net\/index.php?rest_route=\/wp\/v2\/users\/1"}],"replies":[{"embeddable":true,"href":"https:\/\/montreux-vieux.net\/index.php?rest_route=%2Fwp%2Fv2%2Fcomments&post=20386"}],"version-history":[{"count":1,"href":"https:\/\/montreux-vieux.net\/index.php?rest_route=\/wp\/v2\/pages\/20386\/revisions"}],"predecessor-version":[{"id":20387,"href":"https:\/\/montreux-vieux.net\/index.php?rest_route=\/wp\/v2\/pages\/20386\/revisions\/20387"}],"up":[{"embeddable":true,"href":"https:\/\/montreux-vieux.net\/index.php?rest_route=\/wp\/v2\/pages\/13013"}],"wp:attachment":[{"href":"https:\/\/montreux-vieux.net\/index.php?rest_route=%2Fwp%2Fv2%2Fmedia&parent=20386"}],"curies":[{"name":"wp","href":"https:\/\/api.w.org\/{rel}","templated":true}]}}