{"id":20393,"date":"2020-08-09T14:39:56","date_gmt":"2020-08-09T13:39:56","guid":{"rendered":"http:\/\/montreux-vieux.net\/?page_id=20393"},"modified":"2020-08-09T14:40:11","modified_gmt":"2020-08-09T13:40:11","slug":"un-cambriolage-manque","status":"publish","type":"page","link":"https:\/\/montreux-vieux.net\/?page_id=20393","title":{"rendered":"Un cambriolage manqu\u00e9"},"content":{"rendered":"\n<p> Un cambriolage manqu\u00e9. \u2014 L\u2019autre nuit, un peu apr\u00e8s minuit, trois individus aux allures louches introduisirent dans la cour de la cure de MontreuxVieux et \u00a0par une fen\u00eatre du rez-de-chauss\u00e9e, essay\u00e8rent, de p\u00e9n\u00e9trer dans l\u2019immeuble, dans l&rsquo;intention \u00e9vidente de le cambrioler. En ce moment quelques passants suivirent et nos trois malandrins s&#8217;empress\u00e8rent de dispara\u00eetre.<\/p>\n\n\n\n<p>La gendarmerie a ouvert une enqu\u00eate.Sources\u00a0: L\u2019Express de Mulhouse 1<sup>er<\/sup> juin 1928<\/p>\n","protected":false},"excerpt":{"rendered":"<p>Un cambriolage manqu\u00e9. \u2014 L\u2019autre nuit, un peu apr\u00e8s minuit, trois individus aux allures louches introduisirent dans la cour de la cure de MontreuxVieux et \u00a0par une fen\u00eatre du rez-de-chauss\u00e9e, essay\u00e8rent, de p\u00e9n\u00e9trer dans l\u2019immeuble, dans l&rsquo;intention \u00e9vidente de le &hellip; <a href=\"https:\/\/montreux-vieux.net\/?page_id=20393\">Continuer la lecture <span class=\"meta-nav\">&rarr;<\/span><\/a><\/p>\n","protected":false},"author":1,"featured_media":0,"parent":13044,"menu_order":495,"comment_status":"closed","ping_status":"open","template":"","meta":{"footnotes":""},"class_list":["post-20393","page","type-page","status-publish","hentry"],"_links":{"self":[{"href":"https:\/\/montreux-vieux.net\/index.php?rest_route=\/wp\/v2\/pages\/20393","targetHints":{"allow":["GET"]}}],"collection":[{"href":"https:\/\/montreux-vieux.net\/index.php?rest_route=\/wp\/v2\/pages"}],"about":[{"href":"https:\/\/montreux-vieux.net\/index.php?rest_route=\/wp\/v2\/types\/page"}],"author":[{"embeddable":true,"href":"https:\/\/montreux-vieux.net\/index.php?rest_route=\/wp\/v2\/users\/1"}],"replies":[{"embeddable":true,"href":"https:\/\/montreux-vieux.net\/index.php?rest_route=%2Fwp%2Fv2%2Fcomments&post=20393"}],"version-history":[{"count":2,"href":"https:\/\/montreux-vieux.net\/index.php?rest_route=\/wp\/v2\/pages\/20393\/revisions"}],"predecessor-version":[{"id":20395,"href":"https:\/\/montreux-vieux.net\/index.php?rest_route=\/wp\/v2\/pages\/20393\/revisions\/20395"}],"up":[{"embeddable":true,"href":"https:\/\/montreux-vieux.net\/index.php?rest_route=\/wp\/v2\/pages\/13044"}],"wp:attachment":[{"href":"https:\/\/montreux-vieux.net\/index.php?rest_route=%2Fwp%2Fv2%2Fmedia&parent=20393"}],"curies":[{"name":"wp","href":"https:\/\/api.w.org\/{rel}","templated":true}]}}