{"id":2040,"date":"2011-10-05T07:59:00","date_gmt":"2011-10-05T06:59:00","guid":{"rendered":"http:\/\/montreux-vieux.org\/?page_id=2040"},"modified":"2011-10-05T07:59:00","modified_gmt":"2011-10-05T06:59:00","slug":"pour-la-fin-de-la-faim","status":"publish","type":"page","link":"https:\/\/montreux-vieux.net\/?page_id=2040","title":{"rendered":"Pour la fin de la faim"},"content":{"rendered":"<div style=\"text-align: center;\"><span style=\"color: #993300;\">Pour la fin de la faim<\/span><\/div>\n<div style=\"text-align: center;\"><span style=\"color: #993300;\">\u00a0<\/span><\/div>\n<div>Qu&rsquo;importe \u00e0 cet enfant quand la faim le tenaille<\/div>\n<div>Que la lune soit ronde o\u00f9 V\u00e9nus habit\u00e9e ?<\/div>\n<div>Qu&rsquo;importe \u00e0 cet enfant, triste et d\u00e9sh\u00e9rit\u00e9,<\/div>\n<div>Que Mars ou Jupiter nous livrent leurs entrailles.<\/div>\n<div>\u00a0<\/div>\n<div>Non, il n&rsquo;est pas possible au si\u00e8cle ou nous vivons<\/div>\n<div>De voir la faim tuer chaque jour davantage,<\/div>\n<div>Non, il n&rsquo;est plus possible au centre du carnage<\/div>\n<div>De les laisser mourir puisque nous le savons.<\/div>\n<div>\u00a0<\/div>\n<div>Hommes de tous pays, survivants de la Terre,<\/div>\n<div>Arr\u00eatons nous enfin, de nous meurtrir pour rien,<\/div>\n<div>Ne jetons plus notre or, si ce n&rsquo;est pour le bien,<\/div>\n<div>Bannissons \u00e0 jamais le nom maudit de guerre.<\/div>\n<div>\u00a0<\/div>\n<div>Essayons d&rsquo;enrayer la mis\u00e8re ici-bas<\/div>\n<div>Au lieu de s&rsquo;acharner \u00e0 conqu\u00e9rir l&rsquo;espace,<\/div>\n<div>Redonnons au soleil sa v\u00e9ritable place<\/div>\n<div>Dans le coeur de tous ceux qui g\u00e9missent tout bas.<\/div>\n<div>\u00a0<\/div>\n<div>Apprenons aux enfants \u00e0 s&rsquo;aimer, se conna\u00eetre,<\/div>\n<div>A vivre en ignorant la couleur d&rsquo;une peau,<\/div>\n<div>A s&rsquo;unir pour mieux voir, quel que soit leur drapeau,<\/div>\n<div>Le plus bel univers par l&rsquo;unique fen\u00eatre.<\/div>\n<div>\u00a0<\/div>\n<div>Alors, tous ces enfants voyant un m\u00eame ciel,<\/div>\n<div>Qu&rsquo;ils soient de race noire, ou jaune, ou rouge, ou blanche<\/div>\n<div>B\u00e2tiront de leurs mains en ce joyeux dimanche<\/div>\n<div>Avec d&rsquo;autres couleurs un nouvel arc-en-ciel.<\/div>\n","protected":false},"excerpt":{"rendered":"<p>Pour la fin de la faim \u00a0 Qu&rsquo;importe \u00e0 cet enfant quand la faim le tenaille Que la lune soit ronde o\u00f9 V\u00e9nus habit\u00e9e ? Qu&rsquo;importe \u00e0 cet enfant, triste et d\u00e9sh\u00e9rit\u00e9, Que Mars ou Jupiter nous livrent leurs entrailles. &hellip; <a href=\"https:\/\/montreux-vieux.net\/?page_id=2040\">Continuer la lecture <span class=\"meta-nav\">&rarr;<\/span><\/a><\/p>\n","protected":false},"author":1,"featured_media":0,"parent":1467,"menu_order":0,"comment_status":"open","ping_status":"open","template":"","meta":{"footnotes":""},"class_list":["post-2040","page","type-page","status-publish","hentry"],"_links":{"self":[{"href":"https:\/\/montreux-vieux.net\/index.php?rest_route=\/wp\/v2\/pages\/2040","targetHints":{"allow":["GET"]}}],"collection":[{"href":"https:\/\/montreux-vieux.net\/index.php?rest_route=\/wp\/v2\/pages"}],"about":[{"href":"https:\/\/montreux-vieux.net\/index.php?rest_route=\/wp\/v2\/types\/page"}],"author":[{"embeddable":true,"href":"https:\/\/montreux-vieux.net\/index.php?rest_route=\/wp\/v2\/users\/1"}],"replies":[{"embeddable":true,"href":"https:\/\/montreux-vieux.net\/index.php?rest_route=%2Fwp%2Fv2%2Fcomments&post=2040"}],"version-history":[{"count":1,"href":"https:\/\/montreux-vieux.net\/index.php?rest_route=\/wp\/v2\/pages\/2040\/revisions"}],"predecessor-version":[{"id":2041,"href":"https:\/\/montreux-vieux.net\/index.php?rest_route=\/wp\/v2\/pages\/2040\/revisions\/2041"}],"up":[{"embeddable":true,"href":"https:\/\/montreux-vieux.net\/index.php?rest_route=\/wp\/v2\/pages\/1467"}],"wp:attachment":[{"href":"https:\/\/montreux-vieux.net\/index.php?rest_route=%2Fwp%2Fv2%2Fmedia&parent=2040"}],"curies":[{"name":"wp","href":"https:\/\/api.w.org\/{rel}","templated":true}]}}