{"id":20417,"date":"2020-08-10T16:31:22","date_gmt":"2020-08-10T15:31:22","guid":{"rendered":"http:\/\/montreux-vieux.net\/?page_id=20417"},"modified":"2020-08-10T16:31:22","modified_gmt":"2020-08-10T15:31:22","slug":"un-suicide-a-montreux-vieux","status":"publish","type":"page","link":"https:\/\/montreux-vieux.net\/?page_id=20417","title":{"rendered":"Un suicide \u00e0 Montreux-Vieux"},"content":{"rendered":"\n<p>MONTREUX-VIEUX, 8 courant. \u2014 Un jeune homme inconnu s\u2019est suicid\u00e9 ici. Le signalement du d\u00e9sesp\u00e9r\u00e9 est le suivant : taille 1.70 m., \u00e9lanc\u00e9e, cheveux noirs longs, front haut, moustache ovale. Le corps \u00e9tait v\u00eatu d un pardessus d\u2019\u00e9t\u00e9 noir, d&rsquo;un complet bleu, cravate  verte-bleue, chemise de coton blanche, chapeau de feutre mou gris \u00e0 ruban noir, souliers \u00e0 lacets, gants de peau. Il portait lorgnon et avait une montre en acier (No 69) avec cha\u00eene et m\u00e9daillon renfermant deux photographies, dont une de femme. Le cadavre a une cicatrice \u00e0 la main gauche. Les personnes en \u00e9tat de donner des renseignements sur sou identit\u00e9 sont pri\u00e9es de le faire \u00e0 la direction de police de Mulhouse.<\/p>\n\n\n\n<p>Sources\u00a0: Express 9 novembre 1910<\/p>\n","protected":false},"excerpt":{"rendered":"<p>MONTREUX-VIEUX, 8 courant. \u2014 Un jeune homme inconnu s\u2019est suicid\u00e9 ici. Le signalement du d\u00e9sesp\u00e9r\u00e9 est le suivant : taille 1.70 m., \u00e9lanc\u00e9e, cheveux noirs longs, front haut, moustache ovale. Le corps \u00e9tait v\u00eatu d un pardessus d\u2019\u00e9t\u00e9 noir, d&rsquo;un &hellip; <a href=\"https:\/\/montreux-vieux.net\/?page_id=20417\">Continuer la lecture <span class=\"meta-nav\">&rarr;<\/span><\/a><\/p>\n","protected":false},"author":1,"featured_media":0,"parent":13044,"menu_order":510,"comment_status":"closed","ping_status":"open","template":"","meta":{"footnotes":""},"class_list":["post-20417","page","type-page","status-publish","hentry"],"_links":{"self":[{"href":"https:\/\/montreux-vieux.net\/index.php?rest_route=\/wp\/v2\/pages\/20417","targetHints":{"allow":["GET"]}}],"collection":[{"href":"https:\/\/montreux-vieux.net\/index.php?rest_route=\/wp\/v2\/pages"}],"about":[{"href":"https:\/\/montreux-vieux.net\/index.php?rest_route=\/wp\/v2\/types\/page"}],"author":[{"embeddable":true,"href":"https:\/\/montreux-vieux.net\/index.php?rest_route=\/wp\/v2\/users\/1"}],"replies":[{"embeddable":true,"href":"https:\/\/montreux-vieux.net\/index.php?rest_route=%2Fwp%2Fv2%2Fcomments&post=20417"}],"version-history":[{"count":1,"href":"https:\/\/montreux-vieux.net\/index.php?rest_route=\/wp\/v2\/pages\/20417\/revisions"}],"predecessor-version":[{"id":20418,"href":"https:\/\/montreux-vieux.net\/index.php?rest_route=\/wp\/v2\/pages\/20417\/revisions\/20418"}],"up":[{"embeddable":true,"href":"https:\/\/montreux-vieux.net\/index.php?rest_route=\/wp\/v2\/pages\/13044"}],"wp:attachment":[{"href":"https:\/\/montreux-vieux.net\/index.php?rest_route=%2Fwp%2Fv2%2Fmedia&parent=20417"}],"curies":[{"name":"wp","href":"https:\/\/api.w.org\/{rel}","templated":true}]}}