{"id":2042,"date":"2011-10-05T08:04:07","date_gmt":"2011-10-05T07:04:07","guid":{"rendered":"http:\/\/montreux-vieux.org\/?page_id=2042"},"modified":"2011-10-05T08:04:07","modified_gmt":"2011-10-05T07:04:07","slug":"le-jour-ou-je-me-suis-aimee","status":"publish","type":"page","link":"https:\/\/montreux-vieux.net\/?page_id=2042","title":{"rendered":"Le jour ou je me suis aim\u00e9e&#8230;"},"content":{"rendered":"<div style=\"text-align: center;\"><span style=\"color: #993300;\">Le jour o\u00f9 je me suis aim\u00e9e\u2026.<\/span><\/div>\n<div>\u00a0<\/div>\n<div>\u00a0<\/div>\n<div>Le jour o\u00f9 je me suis aim\u00e9e pour de vrai, j\u2019ai compris qu\u2019en toutes circonstances, j\u2019\u00e9tais \u00e0 la bonne place, au bon moment.<\/div>\n<div>Et alors, j\u2019ai pu me relaxer. Aujourd\u2019hui je sais que cela s\u2019appelle\u2026 l\u2019Estime de soi.<\/div>\n<div>\u00a0<\/div>\n<div>Le jour o\u00f9 je me suis aim\u00e9e pour de vrai, j\u2019ai&#8230; pu percevoir que mon anxi\u00e9t\u00e9 et ma souffrance \u00e9motionnelle n\u2019\u00e9taient rien d\u2019autre qu\u2019un signal lorsque je vais \u00e0 l\u2019encontre de mes convictions. Aujourd\u2019hui je sais que cela s\u2019appelle\u2026 l\u2019Authenticit\u00e9.<\/div>\n<div>\u00a0<\/div>\n<div>Le jour o\u00f9 je me suis aim\u00e9e pour de vrai, J\u2019ai cess\u00e9 de vouloir une vie diff\u00e9rente et j\u2019ai commenc\u00e9 \u00e0 voir que tout ce qui m\u2019arrive contribue \u00e0 ma croissance personnelle. Aujourd\u2019hui, je sais que cela s\u2019appelle\u2026 la Maturit\u00e9.<\/div>\n<div>\u00a0<\/div>\n<div>Le jour o\u00f9 je me suis aim\u00e9e pour de vrai, j\u2019ai commenc\u00e9 \u00e0 percevoir l\u2019abus dans le fait de forcer une situation ou une personne, dans le seul but d\u2019obtenir ce que je veux, sachant tr\u00e8s bien que ni la personne ni moi-m\u00eame ne sommes pr\u00eats et que ce n\u2019est pas le moment\u2026 Aujourd\u2019hui, je sais que cela s\u2019appelle\u2026 le Respect.<\/div>\n<div>\u00a0<\/div>\n<div>Le jour o\u00f9 je me suis aim\u00e9e pour de vrai, j\u2019ai commenc\u00e9 \u00e0 me lib\u00e9rer de tout ce qui n\u2019\u00e9tait pas salutaire, personnes, situations, tout ce qui baissait mon \u00e9nergie. Au d\u00e9but, ma raison appelait cela de l\u2019\u00e9go\u00efsme. Aujourd\u2019hui, je sais que cela s\u2019appelle\u2026 l\u2019Amour propre.<\/div>\n<div>\u00a0<\/div>\n<div>Le jour o\u00f9 je me suis aim\u00e9e pour de vrai, j\u2019ai cess\u00e9 d\u2019avoir peur du temps libre et j\u2019ai arr\u00eat\u00e9 de faire de grands plans, j\u2019ai abandonn\u00e9 les m\u00e9ga-projets du futur. Aujourd\u2019hui, je fais ce qui est correct, ce que j\u2019aime quand cela me plait et \u00e0 mon rythme. Aujourd\u2019hui, je sais que cela s\u2019appelle\u2026 la Simplicit\u00e9.<\/div>\n<div>\u00a0<\/div>\n<div>Le jour o\u00f9 je me suis aim\u00e9e pour de vrai, j\u2019ai cess\u00e9 de chercher \u00e0 avoir toujours raison, et je me suis rendu compte de toutes les fois o\u00f9 je me suis tromp\u00e9. Aujourd\u2019hui, j\u2019ai d\u00e9couvert \u2026 l\u2019Humilit\u00e9.<\/div>\n<div>\u00a0<\/div>\n<div>Le jour o\u00f9 je me suis aim\u00e9e pour de vrai, j\u2019ai cess\u00e9 de revivre le pass\u00e9 et de me pr\u00e9occuper de l\u2019avenir. Aujourd\u2019hui, je vis au pr\u00e9sent, l\u00e0 o\u00f9 toute la vie se passe. Aujourd\u2019hui, je vis une seule journ\u00e9e \u00e0 la fois. Et cela s\u2019appelle\u2026 la Pl\u00e9nitude.<\/div>\n<div>\u00a0<\/div>\n<div>Le jour o\u00f9 je me suis aim\u00e9e pour de vrai, j\u2019ai compris que ma t\u00eate pouvait me tromper et me d\u00e9cevoir. Mais si je la mets au service de mon coeur, elle devient une alli\u00e9e tr\u00e8s pr\u00e9cieuse ! Tout ceci, c\u2019est\u2026 le Savoir vivre.<\/div>\n<div>\u00a0<\/div>\n<div>Nous ne devons pas avoir peur de nous confronter. Du chaos naissent les \u00e9toiles.<\/div>\n<div>\u00a0<\/div>\n<div>Charlie Chaplin.<\/div>\n","protected":false},"excerpt":{"rendered":"<p>Le jour o\u00f9 je me suis aim\u00e9e\u2026. \u00a0 \u00a0 Le jour o\u00f9 je me suis aim\u00e9e pour de vrai, j\u2019ai compris qu\u2019en toutes circonstances, j\u2019\u00e9tais \u00e0 la bonne place, au bon moment. Et alors, j\u2019ai pu me relaxer. Aujourd\u2019hui je &hellip; <a href=\"https:\/\/montreux-vieux.net\/?page_id=2042\">Continuer la lecture <span class=\"meta-nav\">&rarr;<\/span><\/a><\/p>\n","protected":false},"author":1,"featured_media":0,"parent":1467,"menu_order":0,"comment_status":"open","ping_status":"open","template":"","meta":{"footnotes":""},"class_list":["post-2042","page","type-page","status-publish","hentry"],"_links":{"self":[{"href":"https:\/\/montreux-vieux.net\/index.php?rest_route=\/wp\/v2\/pages\/2042","targetHints":{"allow":["GET"]}}],"collection":[{"href":"https:\/\/montreux-vieux.net\/index.php?rest_route=\/wp\/v2\/pages"}],"about":[{"href":"https:\/\/montreux-vieux.net\/index.php?rest_route=\/wp\/v2\/types\/page"}],"author":[{"embeddable":true,"href":"https:\/\/montreux-vieux.net\/index.php?rest_route=\/wp\/v2\/users\/1"}],"replies":[{"embeddable":true,"href":"https:\/\/montreux-vieux.net\/index.php?rest_route=%2Fwp%2Fv2%2Fcomments&post=2042"}],"version-history":[{"count":1,"href":"https:\/\/montreux-vieux.net\/index.php?rest_route=\/wp\/v2\/pages\/2042\/revisions"}],"predecessor-version":[{"id":2043,"href":"https:\/\/montreux-vieux.net\/index.php?rest_route=\/wp\/v2\/pages\/2042\/revisions\/2043"}],"up":[{"embeddable":true,"href":"https:\/\/montreux-vieux.net\/index.php?rest_route=\/wp\/v2\/pages\/1467"}],"wp:attachment":[{"href":"https:\/\/montreux-vieux.net\/index.php?rest_route=%2Fwp%2Fv2%2Fmedia&parent=2042"}],"curies":[{"name":"wp","href":"https:\/\/api.w.org\/{rel}","templated":true}]}}