{"id":20428,"date":"2020-08-11T15:14:31","date_gmt":"2020-08-11T14:14:31","guid":{"rendered":"http:\/\/montreux-vieux.net\/?page_id=20428"},"modified":"2020-08-11T15:14:31","modified_gmt":"2020-08-11T14:14:31","slug":"la-secheresse","status":"publish","type":"page","link":"https:\/\/montreux-vieux.net\/?page_id=20428","title":{"rendered":"La s\u00e9cheresse"},"content":{"rendered":"\n<p>La s\u00e9cheresse. \u2014 Il y a quelques ann\u00e9es,<\/p>\n\n\n\n<p>Le Service de la Navigation fit d\u00e9tourner le cours du canal du Rh\u00f4ne -au-Rhin dans la d\u00e9pression qui s\u2019\u00e9tend entre les plateaux de Montreux-Vieux et Montreux Jeune, abandonnant \u00e0 une soci\u00e9t\u00e9 de poche l\u2019exploitation de l\u2019ancien bief, d\u00e9sormais aliment\u00e9 par les eaux de pluie seulement. La soci\u00e9t\u00e9 en question peupla ce bief de poissons qui depuis lors se multipliaient avec, une rapidit\u00e9 satisfaisante. H\u00e9las, \u00a0depuis des semaines, il n\u2019est pas tomb\u00e9 une seule averse, et l\u2019eau commence a manquer dans le bassin&#8230; Il est fort probable que si la s\u00e9cheresse continue, la soci\u00e9t\u00e9 de p\u00eache sera oblig\u00e9e de vider cette partie de l\u2019ancien canal et de jeter les poissons dans la d\u00e9pression mar\u00e9cageuse environnante o\u00f9 il reste encore suffisamment d\u2019eau pour leur permettre de vivre, parmi les herbes et les roseaux.<\/p>\n\n\n\n<p> Sources\u00a0: L\u2019Express de Mulhouse 19 juin 1934<\/p>\n","protected":false},"excerpt":{"rendered":"<p>La s\u00e9cheresse. \u2014 Il y a quelques ann\u00e9es, Le Service de la Navigation fit d\u00e9tourner le cours du canal du Rh\u00f4ne -au-Rhin dans la d\u00e9pression qui s\u2019\u00e9tend entre les plateaux de Montreux-Vieux et Montreux Jeune, abandonnant \u00e0 une soci\u00e9t\u00e9 de &hellip; <a href=\"https:\/\/montreux-vieux.net\/?page_id=20428\">Continuer la lecture <span class=\"meta-nav\">&rarr;<\/span><\/a><\/p>\n","protected":false},"author":1,"featured_media":0,"parent":13099,"menu_order":25,"comment_status":"closed","ping_status":"open","template":"","meta":{"footnotes":""},"class_list":["post-20428","page","type-page","status-publish","hentry"],"_links":{"self":[{"href":"https:\/\/montreux-vieux.net\/index.php?rest_route=\/wp\/v2\/pages\/20428","targetHints":{"allow":["GET"]}}],"collection":[{"href":"https:\/\/montreux-vieux.net\/index.php?rest_route=\/wp\/v2\/pages"}],"about":[{"href":"https:\/\/montreux-vieux.net\/index.php?rest_route=\/wp\/v2\/types\/page"}],"author":[{"embeddable":true,"href":"https:\/\/montreux-vieux.net\/index.php?rest_route=\/wp\/v2\/users\/1"}],"replies":[{"embeddable":true,"href":"https:\/\/montreux-vieux.net\/index.php?rest_route=%2Fwp%2Fv2%2Fcomments&post=20428"}],"version-history":[{"count":1,"href":"https:\/\/montreux-vieux.net\/index.php?rest_route=\/wp\/v2\/pages\/20428\/revisions"}],"predecessor-version":[{"id":20429,"href":"https:\/\/montreux-vieux.net\/index.php?rest_route=\/wp\/v2\/pages\/20428\/revisions\/20429"}],"up":[{"embeddable":true,"href":"https:\/\/montreux-vieux.net\/index.php?rest_route=\/wp\/v2\/pages\/13099"}],"wp:attachment":[{"href":"https:\/\/montreux-vieux.net\/index.php?rest_route=%2Fwp%2Fv2%2Fmedia&parent=20428"}],"curies":[{"name":"wp","href":"https:\/\/api.w.org\/{rel}","templated":true}]}}