{"id":20431,"date":"2020-08-11T15:21:07","date_gmt":"2020-08-11T14:21:07","guid":{"rendered":"http:\/\/montreux-vieux.net\/?page_id=20431"},"modified":"2023-03-10T10:02:03","modified_gmt":"2023-03-10T09:02:03","slug":"un-voleur-arrete","status":"publish","type":"page","link":"https:\/\/montreux-vieux.net\/?page_id=20431","title":{"rendered":"Un Voleur arr\u00eat\u00e9."},"content":{"rendered":"\n<p>MONTREUX-VIEUX. Un Voleur arr\u00eat\u00e9. \u2014 Le 7 courant, le nomm\u00e9 Freund Emile. 59 ans, domestique, sans domicile fixe, se pr\u00e9senta chez M. Catt\u00e9 C\u00e9lestin, entrepreneur de travaux publics, pour lui demander du travail. Il fut invit\u00e9 A repasser le lendemain. En s\u2019 en allant, cet individu vola une paire do chaussures jaunes d\u2019une valeur de 100 francs, qu&rsquo;il revendit quelques minutes \u00a0apr\u00e8s A M. W. pour 20 francs.<\/p>\n\n\n\n<p>Freund a \u00e9t\u00e9 arr\u00eat\u00e9 pour ce vol. Le voleur fut \u00e9galement trouv\u00e9 habill\u00e9 d\u2019un pardessus qu\u2019il avait vol\u00e9 auparavant A M. Girardin Emile, cultivateur&nbsp; \u00e0 Vauthieremont..<\/p>\n\n\n\n<p>M. W. sera inculp\u00e9 de recel dans cette affaire.<\/p>\n\n\n\n<p>Sources&nbsp;: L\u2019Express de Mulhouse 11 mars 1921<\/p>\n","protected":false},"excerpt":{"rendered":"<p>MONTREUX-VIEUX. Un Voleur arr\u00eat\u00e9. \u2014 Le 7 courant, le nomm\u00e9 Freund Emile. 59 ans, domestique, sans domicile fixe, se pr\u00e9senta chez M. Catt\u00e9 C\u00e9lestin, entrepreneur de travaux publics, pour lui demander du travail. Il fut invit\u00e9 A repasser le lendemain. &hellip; <a href=\"https:\/\/montreux-vieux.net\/?page_id=20431\">Continuer la lecture <span class=\"meta-nav\">&rarr;<\/span><\/a><\/p>\n","protected":false},"author":1,"featured_media":0,"parent":13044,"menu_order":515,"comment_status":"closed","ping_status":"open","template":"","meta":{"footnotes":""},"class_list":["post-20431","page","type-page","status-publish","hentry"],"_links":{"self":[{"href":"https:\/\/montreux-vieux.net\/index.php?rest_route=\/wp\/v2\/pages\/20431","targetHints":{"allow":["GET"]}}],"collection":[{"href":"https:\/\/montreux-vieux.net\/index.php?rest_route=\/wp\/v2\/pages"}],"about":[{"href":"https:\/\/montreux-vieux.net\/index.php?rest_route=\/wp\/v2\/types\/page"}],"author":[{"embeddable":true,"href":"https:\/\/montreux-vieux.net\/index.php?rest_route=\/wp\/v2\/users\/1"}],"replies":[{"embeddable":true,"href":"https:\/\/montreux-vieux.net\/index.php?rest_route=%2Fwp%2Fv2%2Fcomments&post=20431"}],"version-history":[{"count":2,"href":"https:\/\/montreux-vieux.net\/index.php?rest_route=\/wp\/v2\/pages\/20431\/revisions"}],"predecessor-version":[{"id":25951,"href":"https:\/\/montreux-vieux.net\/index.php?rest_route=\/wp\/v2\/pages\/20431\/revisions\/25951"}],"up":[{"embeddable":true,"href":"https:\/\/montreux-vieux.net\/index.php?rest_route=\/wp\/v2\/pages\/13044"}],"wp:attachment":[{"href":"https:\/\/montreux-vieux.net\/index.php?rest_route=%2Fwp%2Fv2%2Fmedia&parent=20431"}],"curies":[{"name":"wp","href":"https:\/\/api.w.org\/{rel}","templated":true}]}}