{"id":20451,"date":"2020-08-14T16:08:01","date_gmt":"2020-08-14T15:08:01","guid":{"rendered":"http:\/\/montreux-vieux.net\/?page_id=20451"},"modified":"2020-08-14T16:08:01","modified_gmt":"2020-08-14T15:08:01","slug":"accident-de-train-du-28-octobre-1883","status":"publish","type":"page","link":"https:\/\/montreux-vieux.net\/?page_id=20451","title":{"rendered":"Accident de train du 28 octobre 1883"},"content":{"rendered":"\n<p>Tribunal correctionnel. \u2014 Audience du 18 f\u00e9vrier 1884 :<\/p>\n\n\n\n<p>L\u2019accident qui a eu lieu le 28 octobre 1883 \u00e0 la gare de Montreux-Vieux am\u00e8ne \u00e0 la chambre correctionnelle le nomm\u00e9 Jean H&#8230;., man\u0153uvre \u00e0 cette gare, le sieur Ferv\u00e9e, sous-chef de gare au m\u00eame lieu et le sieur Lewy, conducteur de locomotive, en stationnement \u00e0 Muhouse. A aujour indiqu\u00e9, un fourgon de la poste, qui devait \u00eatre d\u00e9tach\u00e9 du train \u00e0 la gare de Montreux-Vieux, lut repouss\u00e9 par la locomotive avec une force telle qu&rsquo;il alla se heurter contre une locomotive de la Compagnie de l\u2019Est ce qui endommagea cette derni\u00e8re&nbsp; aussi bien que le fourgon. Des deux employ\u00e9s de la poste, qui se trouvaient dans le fourgon, l\u2019un en fut quitte pour la peur ; mais l\u2019autre fut violemment jet\u00e9 par la fen\u00eatre et re\u00e7ut ainsi diverses blessures. Si le frein, fix\u00e9 au fourgon, avait \u00e9t\u00e9 serr\u00e9, l\u2019accident n&rsquo;aurait pas pu avoir lieu. Cette n\u00e9gligence, attribu\u00e9e au man\u0153uvre, lui vaut huit jours de prison, tandis que les deux autres pr\u00e9venus sont renvoy\u00e9s de- fins de la plainte.<\/p>\n\n\n\n<p>Sources&nbsp;: Express 20 f\u00e9vrier 1884<\/p>\n","protected":false},"excerpt":{"rendered":"<p>Tribunal correctionnel. \u2014 Audience du 18 f\u00e9vrier 1884 : L\u2019accident qui a eu lieu le 28 octobre 1883 \u00e0 la gare de Montreux-Vieux am\u00e8ne \u00e0 la chambre correctionnelle le nomm\u00e9 Jean H&#8230;., man\u0153uvre \u00e0 cette gare, le sieur Ferv\u00e9e, sous-chef &hellip; <a href=\"https:\/\/montreux-vieux.net\/?page_id=20451\">Continuer la lecture <span class=\"meta-nav\">&rarr;<\/span><\/a><\/p>\n","protected":false},"author":1,"featured_media":0,"parent":13009,"menu_order":60,"comment_status":"closed","ping_status":"open","template":"","meta":{"footnotes":""},"class_list":["post-20451","page","type-page","status-publish","hentry"],"_links":{"self":[{"href":"https:\/\/montreux-vieux.net\/index.php?rest_route=\/wp\/v2\/pages\/20451","targetHints":{"allow":["GET"]}}],"collection":[{"href":"https:\/\/montreux-vieux.net\/index.php?rest_route=\/wp\/v2\/pages"}],"about":[{"href":"https:\/\/montreux-vieux.net\/index.php?rest_route=\/wp\/v2\/types\/page"}],"author":[{"embeddable":true,"href":"https:\/\/montreux-vieux.net\/index.php?rest_route=\/wp\/v2\/users\/1"}],"replies":[{"embeddable":true,"href":"https:\/\/montreux-vieux.net\/index.php?rest_route=%2Fwp%2Fv2%2Fcomments&post=20451"}],"version-history":[{"count":1,"href":"https:\/\/montreux-vieux.net\/index.php?rest_route=\/wp\/v2\/pages\/20451\/revisions"}],"predecessor-version":[{"id":20452,"href":"https:\/\/montreux-vieux.net\/index.php?rest_route=\/wp\/v2\/pages\/20451\/revisions\/20452"}],"up":[{"embeddable":true,"href":"https:\/\/montreux-vieux.net\/index.php?rest_route=\/wp\/v2\/pages\/13009"}],"wp:attachment":[{"href":"https:\/\/montreux-vieux.net\/index.php?rest_route=%2Fwp%2Fv2%2Fmedia&parent=20451"}],"curies":[{"name":"wp","href":"https:\/\/api.w.org\/{rel}","templated":true}]}}