{"id":20469,"date":"2020-08-15T16:21:30","date_gmt":"2020-08-15T15:21:30","guid":{"rendered":"http:\/\/montreux-vieux.net\/?page_id=20469"},"modified":"2020-08-15T16:21:30","modified_gmt":"2020-08-15T15:21:30","slug":"alphonse-dietrich","status":"publish","type":"page","link":"https:\/\/montreux-vieux.net\/?page_id=20469","title":{"rendered":"Alphonse Dietrich"},"content":{"rendered":"\n<p>Immatriculation au Registre de commerce en juillet 1937<\/p>\n\n\n\n<p>11.725 : Alphonse Dietrich, limonaderie, charbons et transports et d\u00e9p\u00f4t de bi\u00e8re a Montreux-Vieux.<\/p>\n\n\n\n<p>Sources&nbsp;: Express de Mulhouse 7 ao\u00fbt 1937<\/p>\n","protected":false},"excerpt":{"rendered":"<p>Immatriculation au Registre de commerce en juillet 1937 11.725 : Alphonse Dietrich, limonaderie, charbons et transports et d\u00e9p\u00f4t de bi\u00e8re a Montreux-Vieux. Sources&nbsp;: Express de Mulhouse 7 ao\u00fbt 1937<\/p>\n","protected":false},"author":1,"featured_media":0,"parent":1502,"menu_order":70,"comment_status":"closed","ping_status":"open","template":"","meta":{"footnotes":""},"class_list":["post-20469","page","type-page","status-publish","hentry"],"_links":{"self":[{"href":"https:\/\/montreux-vieux.net\/index.php?rest_route=\/wp\/v2\/pages\/20469","targetHints":{"allow":["GET"]}}],"collection":[{"href":"https:\/\/montreux-vieux.net\/index.php?rest_route=\/wp\/v2\/pages"}],"about":[{"href":"https:\/\/montreux-vieux.net\/index.php?rest_route=\/wp\/v2\/types\/page"}],"author":[{"embeddable":true,"href":"https:\/\/montreux-vieux.net\/index.php?rest_route=\/wp\/v2\/users\/1"}],"replies":[{"embeddable":true,"href":"https:\/\/montreux-vieux.net\/index.php?rest_route=%2Fwp%2Fv2%2Fcomments&post=20469"}],"version-history":[{"count":1,"href":"https:\/\/montreux-vieux.net\/index.php?rest_route=\/wp\/v2\/pages\/20469\/revisions"}],"predecessor-version":[{"id":20470,"href":"https:\/\/montreux-vieux.net\/index.php?rest_route=\/wp\/v2\/pages\/20469\/revisions\/20470"}],"up":[{"embeddable":true,"href":"https:\/\/montreux-vieux.net\/index.php?rest_route=\/wp\/v2\/pages\/1502"}],"wp:attachment":[{"href":"https:\/\/montreux-vieux.net\/index.php?rest_route=%2Fwp%2Fv2%2Fmedia&parent=20469"}],"curies":[{"name":"wp","href":"https:\/\/api.w.org\/{rel}","templated":true}]}}