{"id":20472,"date":"2020-08-15T16:26:23","date_gmt":"2020-08-15T15:26:23","guid":{"rendered":"http:\/\/montreux-vieux.net\/?page_id=20472"},"modified":"2020-08-15T16:26:23","modified_gmt":"2020-08-15T15:26:23","slug":"rene-sutter-boulangerie-et-epicerie-a-montreux-vieux","status":"publish","type":"page","link":"https:\/\/montreux-vieux.net\/?page_id=20472","title":{"rendered":"Ren\u00e9 Sutter, boulangerie et \u00e9picerie \u00e0 Montreux-Vieux"},"content":{"rendered":"\n<p>Immatriculation au Registre de commerce en juillet 1937<\/p>\n\n\n\n<p>A 11.729 : Ren\u00e9 Sutter, boulangerie et \u00e9picerie \u00e0 Montreux-Vieux<\/p>\n\n\n\n<p>Sources&nbsp;: Express de Mulhouse 7 ao\u00fbt 1937<\/p>\n","protected":false},"excerpt":{"rendered":"<p>Immatriculation au Registre de commerce en juillet 1937 A 11.729 : Ren\u00e9 Sutter, boulangerie et \u00e9picerie \u00e0 Montreux-Vieux Sources&nbsp;: Express de Mulhouse 7 ao\u00fbt 1937<\/p>\n","protected":false},"author":1,"featured_media":0,"parent":1502,"menu_order":75,"comment_status":"closed","ping_status":"open","template":"","meta":{"footnotes":""},"class_list":["post-20472","page","type-page","status-publish","hentry"],"_links":{"self":[{"href":"https:\/\/montreux-vieux.net\/index.php?rest_route=\/wp\/v2\/pages\/20472","targetHints":{"allow":["GET"]}}],"collection":[{"href":"https:\/\/montreux-vieux.net\/index.php?rest_route=\/wp\/v2\/pages"}],"about":[{"href":"https:\/\/montreux-vieux.net\/index.php?rest_route=\/wp\/v2\/types\/page"}],"author":[{"embeddable":true,"href":"https:\/\/montreux-vieux.net\/index.php?rest_route=\/wp\/v2\/users\/1"}],"replies":[{"embeddable":true,"href":"https:\/\/montreux-vieux.net\/index.php?rest_route=%2Fwp%2Fv2%2Fcomments&post=20472"}],"version-history":[{"count":1,"href":"https:\/\/montreux-vieux.net\/index.php?rest_route=\/wp\/v2\/pages\/20472\/revisions"}],"predecessor-version":[{"id":20473,"href":"https:\/\/montreux-vieux.net\/index.php?rest_route=\/wp\/v2\/pages\/20472\/revisions\/20473"}],"up":[{"embeddable":true,"href":"https:\/\/montreux-vieux.net\/index.php?rest_route=\/wp\/v2\/pages\/1502"}],"wp:attachment":[{"href":"https:\/\/montreux-vieux.net\/index.php?rest_route=%2Fwp%2Fv2%2Fmedia&parent=20472"}],"curies":[{"name":"wp","href":"https:\/\/api.w.org\/{rel}","templated":true}]}}