{"id":20474,"date":"2020-08-15T16:31:02","date_gmt":"2020-08-15T15:31:02","guid":{"rendered":"http:\/\/montreux-vieux.net\/?page_id=20474"},"modified":"2020-08-15T16:31:02","modified_gmt":"2020-08-15T15:31:02","slug":"mme-marie-barbier-cuenin-a-montreux-vieux-negociante","status":"publish","type":"page","link":"https:\/\/montreux-vieux.net\/?page_id=20474","title":{"rendered":"Mme Marie Barbier Cuenin \u00e0 Montreux- Vieux, n\u00e9gociante"},"content":{"rendered":"\n<p>Inscription au registre de commerce&nbsp; du 6 novembre 1923. D Vol. V, N &gt; 933, la firme .Mme Marie Barbier Cuenin \u00e0 Montreux- Vieux,<\/p>\n\n\n\n<p>Propri\u00e9taire : Mme Ernest Barbier Marie, n\u00e9e Cuenin , n\u00e9gociante a Montreux-Vieux.<\/p>\n\n\n\n<p>Sources&nbsp;: Express de Mulhouse&nbsp; 24 d\u00e9cembre 1923<\/p>\n","protected":false},"excerpt":{"rendered":"<p>Inscription au registre de commerce&nbsp; du 6 novembre 1923. D Vol. V, N &gt; 933, la firme .Mme Marie Barbier Cuenin \u00e0 Montreux- Vieux, Propri\u00e9taire : Mme Ernest Barbier Marie, n\u00e9e Cuenin , n\u00e9gociante a Montreux-Vieux. Sources&nbsp;: Express de Mulhouse&nbsp; &hellip; <a href=\"https:\/\/montreux-vieux.net\/?page_id=20474\">Continuer la lecture <span class=\"meta-nav\">&rarr;<\/span><\/a><\/p>\n","protected":false},"author":1,"featured_media":0,"parent":1502,"menu_order":80,"comment_status":"closed","ping_status":"open","template":"","meta":{"footnotes":""},"class_list":["post-20474","page","type-page","status-publish","hentry"],"_links":{"self":[{"href":"https:\/\/montreux-vieux.net\/index.php?rest_route=\/wp\/v2\/pages\/20474","targetHints":{"allow":["GET"]}}],"collection":[{"href":"https:\/\/montreux-vieux.net\/index.php?rest_route=\/wp\/v2\/pages"}],"about":[{"href":"https:\/\/montreux-vieux.net\/index.php?rest_route=\/wp\/v2\/types\/page"}],"author":[{"embeddable":true,"href":"https:\/\/montreux-vieux.net\/index.php?rest_route=\/wp\/v2\/users\/1"}],"replies":[{"embeddable":true,"href":"https:\/\/montreux-vieux.net\/index.php?rest_route=%2Fwp%2Fv2%2Fcomments&post=20474"}],"version-history":[{"count":1,"href":"https:\/\/montreux-vieux.net\/index.php?rest_route=\/wp\/v2\/pages\/20474\/revisions"}],"predecessor-version":[{"id":20475,"href":"https:\/\/montreux-vieux.net\/index.php?rest_route=\/wp\/v2\/pages\/20474\/revisions\/20475"}],"up":[{"embeddable":true,"href":"https:\/\/montreux-vieux.net\/index.php?rest_route=\/wp\/v2\/pages\/1502"}],"wp:attachment":[{"href":"https:\/\/montreux-vieux.net\/index.php?rest_route=%2Fwp%2Fv2%2Fmedia&parent=20474"}],"curies":[{"name":"wp","href":"https:\/\/api.w.org\/{rel}","templated":true}]}}