{"id":20480,"date":"2020-08-15T16:43:47","date_gmt":"2020-08-15T15:43:47","guid":{"rendered":"http:\/\/montreux-vieux.net\/?page_id=20480"},"modified":"2020-08-15T16:43:47","modified_gmt":"2020-08-15T15:43:47","slug":"dangel-theiller-epicerie-et-mercerie","status":"publish","type":"page","link":"https:\/\/montreux-vieux.net\/?page_id=20480","title":{"rendered":"Dangel-Theiller, \u00e9picerie et mercerie"},"content":{"rendered":"\n<p>Inscription au registre de commerce .Dangel-Theiller, \u00e9picerie et mercerie \u00e0 Montreux-Vieux, 73, rue Principale, propri\u00e9taire: Wilhelmina Dangel n\u00e9e Theiller<\/p>\n\n\n\n<p>Sources L\u2019Express de Mulhouse 11 janvier 1933<\/p>\n","protected":false},"excerpt":{"rendered":"<p>Inscription au registre de commerce .Dangel-Theiller, \u00e9picerie et mercerie \u00e0 Montreux-Vieux, 73, rue Principale, propri\u00e9taire: Wilhelmina Dangel n\u00e9e Theiller Sources L\u2019Express de Mulhouse 11 janvier 1933<\/p>\n","protected":false},"author":1,"featured_media":0,"parent":1502,"menu_order":90,"comment_status":"closed","ping_status":"open","template":"","meta":{"footnotes":""},"class_list":["post-20480","page","type-page","status-publish","hentry"],"_links":{"self":[{"href":"https:\/\/montreux-vieux.net\/index.php?rest_route=\/wp\/v2\/pages\/20480","targetHints":{"allow":["GET"]}}],"collection":[{"href":"https:\/\/montreux-vieux.net\/index.php?rest_route=\/wp\/v2\/pages"}],"about":[{"href":"https:\/\/montreux-vieux.net\/index.php?rest_route=\/wp\/v2\/types\/page"}],"author":[{"embeddable":true,"href":"https:\/\/montreux-vieux.net\/index.php?rest_route=\/wp\/v2\/users\/1"}],"replies":[{"embeddable":true,"href":"https:\/\/montreux-vieux.net\/index.php?rest_route=%2Fwp%2Fv2%2Fcomments&post=20480"}],"version-history":[{"count":2,"href":"https:\/\/montreux-vieux.net\/index.php?rest_route=\/wp\/v2\/pages\/20480\/revisions"}],"predecessor-version":[{"id":28288,"href":"https:\/\/montreux-vieux.net\/index.php?rest_route=\/wp\/v2\/pages\/20480\/revisions\/28288"}],"up":[{"embeddable":true,"href":"https:\/\/montreux-vieux.net\/index.php?rest_route=\/wp\/v2\/pages\/1502"}],"wp:attachment":[{"href":"https:\/\/montreux-vieux.net\/index.php?rest_route=%2Fwp%2Fv2%2Fmedia&parent=20480"}],"curies":[{"name":"wp","href":"https:\/\/api.w.org\/{rel}","templated":true}]}}