{"id":20494,"date":"2020-08-16T15:29:07","date_gmt":"2020-08-16T14:29:07","guid":{"rendered":"http:\/\/montreux-vieux.net\/?page_id=20494"},"modified":"2020-08-16T15:29:07","modified_gmt":"2020-08-16T14:29:07","slug":"entre-vanniers","status":"publish","type":"page","link":"https:\/\/montreux-vieux.net\/?page_id=20494","title":{"rendered":"Entre vanniers&#8230;"},"content":{"rendered":"\n<p>MONTREUX-VIEUX Entre vanniers&#8230; \u2014 La localit\u00e9 fut l\u2019autre nuit troubl\u00e9e par un tapage assourdissant qu\u2019une bande de vanniers faisaient devant le restaurant de M. N., qui s\u2019\u00e9tait vu oblig\u00e9 de les mettre \u00e0 la porte. Il y eut \u00e9change d\u2019injures, de coups de poings et l\u2019on vit m\u00eame briller au clair de lune quelques lames de couteau qui ne firent heureusement aucun dommage, car entre-temps survint l\u2019appariteur qui informa les nomades qu\u2019en vertu d\u2019un arr\u00eat\u00e9 municipal ils n\u2019avaient pas le droit de s\u00e9journer dans la localit\u00e9. Et ils ne se le firent pas dire deux fois!&#8230;<\/p>\n\n\n\n<p>Sources&nbsp;: L\u2019Express de Mulhouse 2 ao\u00fbt 1934<\/p>\n","protected":false},"excerpt":{"rendered":"<p>MONTREUX-VIEUX Entre vanniers&#8230; \u2014 La localit\u00e9 fut l\u2019autre nuit troubl\u00e9e par un tapage assourdissant qu\u2019une bande de vanniers faisaient devant le restaurant de M. N., qui s\u2019\u00e9tait vu oblig\u00e9 de les mettre \u00e0 la porte. Il y eut \u00e9change d\u2019injures, &hellip; <a href=\"https:\/\/montreux-vieux.net\/?page_id=20494\">Continuer la lecture <span class=\"meta-nav\">&rarr;<\/span><\/a><\/p>\n","protected":false},"author":1,"featured_media":0,"parent":13044,"menu_order":530,"comment_status":"closed","ping_status":"open","template":"","meta":{"footnotes":""},"class_list":["post-20494","page","type-page","status-publish","hentry"],"_links":{"self":[{"href":"https:\/\/montreux-vieux.net\/index.php?rest_route=\/wp\/v2\/pages\/20494","targetHints":{"allow":["GET"]}}],"collection":[{"href":"https:\/\/montreux-vieux.net\/index.php?rest_route=\/wp\/v2\/pages"}],"about":[{"href":"https:\/\/montreux-vieux.net\/index.php?rest_route=\/wp\/v2\/types\/page"}],"author":[{"embeddable":true,"href":"https:\/\/montreux-vieux.net\/index.php?rest_route=\/wp\/v2\/users\/1"}],"replies":[{"embeddable":true,"href":"https:\/\/montreux-vieux.net\/index.php?rest_route=%2Fwp%2Fv2%2Fcomments&post=20494"}],"version-history":[{"count":1,"href":"https:\/\/montreux-vieux.net\/index.php?rest_route=\/wp\/v2\/pages\/20494\/revisions"}],"predecessor-version":[{"id":20495,"href":"https:\/\/montreux-vieux.net\/index.php?rest_route=\/wp\/v2\/pages\/20494\/revisions\/20495"}],"up":[{"embeddable":true,"href":"https:\/\/montreux-vieux.net\/index.php?rest_route=\/wp\/v2\/pages\/13044"}],"wp:attachment":[{"href":"https:\/\/montreux-vieux.net\/index.php?rest_route=%2Fwp%2Fv2%2Fmedia&parent=20494"}],"curies":[{"name":"wp","href":"https:\/\/api.w.org\/{rel}","templated":true}]}}