{"id":20497,"date":"2020-08-16T15:36:00","date_gmt":"2020-08-16T14:36:00","guid":{"rendered":"http:\/\/montreux-vieux.net\/?page_id=20497"},"modified":"2020-08-16T15:38:53","modified_gmt":"2020-08-16T14:38:53","slug":"une-maisonnette-detruite-par-les-flammes","status":"publish","type":"page","link":"https:\/\/montreux-vieux.net\/?page_id=20497","title":{"rendered":"Une maisonnette d\u00e9truite par les flammes."},"content":{"rendered":"\n<p>MONTREUX-VIEUX Une maisonnette d\u00e9truite par les flammes. \u2014 Dans la nuit de mercredi a jeudi, le feu a pris dans la maisonnette, propri\u00e9t\u00e9 communale, situ\u00e9e au coin des jardins du Temple et de l\u2019\u00e9cole des jeunes filles. Les pompiers durent porter l\u2019essentiel de leurs efforts sur le gite des mis\u00e9reux, attenant \u00e0 la maison, et par o\u00f9 l\u2019incendie mena\u00e7ait de s\u2019\u00e9tendre. La maison fut presque enti\u00e8rement d\u00e9truite par le feu.<\/p>\n\n\n\n<p>Sources&nbsp;: L\u2019Express de Mulhouse 4 d\u00e9cembre 1936<\/p>\n","protected":false},"excerpt":{"rendered":"<p>MONTREUX-VIEUX Une maisonnette d\u00e9truite par les flammes. \u2014 Dans la nuit de mercredi a jeudi, le feu a pris dans la maisonnette, propri\u00e9t\u00e9 communale, situ\u00e9e au coin des jardins du Temple et de l\u2019\u00e9cole des jeunes filles. Les pompiers durent &hellip; <a href=\"https:\/\/montreux-vieux.net\/?page_id=20497\">Continuer la lecture <span class=\"meta-nav\">&rarr;<\/span><\/a><\/p>\n","protected":false},"author":1,"featured_media":0,"parent":13044,"menu_order":540,"comment_status":"closed","ping_status":"open","template":"","meta":{"footnotes":""},"class_list":["post-20497","page","type-page","status-publish","hentry"],"_links":{"self":[{"href":"https:\/\/montreux-vieux.net\/index.php?rest_route=\/wp\/v2\/pages\/20497","targetHints":{"allow":["GET"]}}],"collection":[{"href":"https:\/\/montreux-vieux.net\/index.php?rest_route=\/wp\/v2\/pages"}],"about":[{"href":"https:\/\/montreux-vieux.net\/index.php?rest_route=\/wp\/v2\/types\/page"}],"author":[{"embeddable":true,"href":"https:\/\/montreux-vieux.net\/index.php?rest_route=\/wp\/v2\/users\/1"}],"replies":[{"embeddable":true,"href":"https:\/\/montreux-vieux.net\/index.php?rest_route=%2Fwp%2Fv2%2Fcomments&post=20497"}],"version-history":[{"count":1,"href":"https:\/\/montreux-vieux.net\/index.php?rest_route=\/wp\/v2\/pages\/20497\/revisions"}],"predecessor-version":[{"id":20498,"href":"https:\/\/montreux-vieux.net\/index.php?rest_route=\/wp\/v2\/pages\/20497\/revisions\/20498"}],"up":[{"embeddable":true,"href":"https:\/\/montreux-vieux.net\/index.php?rest_route=\/wp\/v2\/pages\/13044"}],"wp:attachment":[{"href":"https:\/\/montreux-vieux.net\/index.php?rest_route=%2Fwp%2Fv2%2Fmedia&parent=20497"}],"curies":[{"name":"wp","href":"https:\/\/api.w.org\/{rel}","templated":true}]}}