{"id":20517,"date":"2020-08-19T15:27:35","date_gmt":"2020-08-19T14:27:35","guid":{"rendered":"http:\/\/montreux-vieux.net\/?page_id=20517"},"modified":"2020-08-19T15:27:35","modified_gmt":"2020-08-19T14:27:35","slug":"on-pince-un-voleur-de-volailles","status":"publish","type":"page","link":"https:\/\/montreux-vieux.net\/?page_id=20517","title":{"rendered":"On pince un voleur de volailles"},"content":{"rendered":"\n<p>On pince un voleur de volailles. \u2014 Le 16 ao\u00fbt dernier, M. Res Jean-Baptiste, de Montreux-Vieux se pr\u00e9sentait aux gendarmes de service \u00e0 la gare en d\u00e9clarant que dans la nuit du 15 au 16 ao\u00fbt, un italien du nom de Tilli Paul. 41 ans, ma\u0153uvre, en pension chez M. Bonnato, beau-p\u00e8re de M. Res, \u00e9tait parti subitement apr\u00e8s avoir visit\u00e9 le poulailler et d\u00e9rob\u00e9 un canard de trois livres et trois poulets d\u2019une livre. M. Res, qui devinait qu\u2019il trouverait le voleur \u00e0 Belfort, s\u2019y rendit et fut assez heureux pour l\u2019apercevoir \u00e0 la gare au moment o\u00f9 il montait dans un train. Il pr\u00e9vint les gendarmes qui se rendirent aupr\u00e8s de Tilli qui portait une besace, en lui demandant d\u2019ouvrir son sac.<\/p>\n\n\n\n<p>Ils trouv\u00e8rent effectivement dedans le canard et les trois poulets encore vivants. Tilli d\u00e9clara qu\u2019il avait achet\u00e9 ces volailles \u00e0 un inconnu, mais ses explications ne tromp\u00e8rent personne et il fut arr\u00eat\u00e9. Le canard et les poulets ont \u00e9t\u00e9 remis \u00e0 leur propri\u00e9taire.<\/p>\n\n\n\n<p>Sources&nbsp;: Le R\u00e9publicain de Belfort 22 ao\u00fbt 1928<\/p>\n","protected":false},"excerpt":{"rendered":"<p>On pince un voleur de volailles. \u2014 Le 16 ao\u00fbt dernier, M. Res Jean-Baptiste, de Montreux-Vieux se pr\u00e9sentait aux gendarmes de service \u00e0 la gare en d\u00e9clarant que dans la nuit du 15 au 16 ao\u00fbt, un italien du nom &hellip; <a href=\"https:\/\/montreux-vieux.net\/?page_id=20517\">Continuer la lecture <span class=\"meta-nav\">&rarr;<\/span><\/a><\/p>\n","protected":false},"author":1,"featured_media":0,"parent":13044,"menu_order":545,"comment_status":"closed","ping_status":"open","template":"","meta":{"footnotes":""},"class_list":["post-20517","page","type-page","status-publish","hentry"],"_links":{"self":[{"href":"https:\/\/montreux-vieux.net\/index.php?rest_route=\/wp\/v2\/pages\/20517","targetHints":{"allow":["GET"]}}],"collection":[{"href":"https:\/\/montreux-vieux.net\/index.php?rest_route=\/wp\/v2\/pages"}],"about":[{"href":"https:\/\/montreux-vieux.net\/index.php?rest_route=\/wp\/v2\/types\/page"}],"author":[{"embeddable":true,"href":"https:\/\/montreux-vieux.net\/index.php?rest_route=\/wp\/v2\/users\/1"}],"replies":[{"embeddable":true,"href":"https:\/\/montreux-vieux.net\/index.php?rest_route=%2Fwp%2Fv2%2Fcomments&post=20517"}],"version-history":[{"count":1,"href":"https:\/\/montreux-vieux.net\/index.php?rest_route=\/wp\/v2\/pages\/20517\/revisions"}],"predecessor-version":[{"id":20518,"href":"https:\/\/montreux-vieux.net\/index.php?rest_route=\/wp\/v2\/pages\/20517\/revisions\/20518"}],"up":[{"embeddable":true,"href":"https:\/\/montreux-vieux.net\/index.php?rest_route=\/wp\/v2\/pages\/13044"}],"wp:attachment":[{"href":"https:\/\/montreux-vieux.net\/index.php?rest_route=%2Fwp%2Fv2%2Fmedia&parent=20517"}],"curies":[{"name":"wp","href":"https:\/\/api.w.org\/{rel}","templated":true}]}}