{"id":20526,"date":"2020-08-19T15:40:34","date_gmt":"2020-08-19T14:40:34","guid":{"rendered":"http:\/\/montreux-vieux.net\/?page_id=20526"},"modified":"2020-08-19T15:40:34","modified_gmt":"2020-08-19T14:40:34","slug":"un-baigneur-se-noie","status":"publish","type":"page","link":"https:\/\/montreux-vieux.net\/?page_id=20526","title":{"rendered":"Un  baigneur se noie."},"content":{"rendered":"\n<p>MONTREUX-VIEUX Un\u00a0 baigneur se noie. \u2014 Prenant un bain dans le canal du Rh\u00f4ne-au-Rhin, .l\u2019alg\u00e9rien Bannessaud Mahamet disparut soudain dans l&rsquo;eau, sous les yeux de ses camarades. Ceux-ci ne savaient, h\u00e9las! pas nager, et on ne retira du canal, quelques heures apr\u00e8s, que le cadavre de l\u2019infortun\u00e9 baigneur.<\/p>\n\n\n\n<p>Sources&nbsp;: L\u2019Express 16 juin 1931<\/p>\n","protected":false},"excerpt":{"rendered":"<p>MONTREUX-VIEUX Un\u00a0 baigneur se noie. \u2014 Prenant un bain dans le canal du Rh\u00f4ne-au-Rhin, .l\u2019alg\u00e9rien Bannessaud Mahamet disparut soudain dans l&rsquo;eau, sous les yeux de ses camarades. Ceux-ci ne savaient, h\u00e9las! pas nager, et on ne retira du canal, quelques &hellip; <a href=\"https:\/\/montreux-vieux.net\/?page_id=20526\">Continuer la lecture <span class=\"meta-nav\">&rarr;<\/span><\/a><\/p>\n","protected":false},"author":1,"featured_media":0,"parent":13044,"menu_order":555,"comment_status":"closed","ping_status":"open","template":"","meta":{"footnotes":""},"class_list":["post-20526","page","type-page","status-publish","hentry"],"_links":{"self":[{"href":"https:\/\/montreux-vieux.net\/index.php?rest_route=\/wp\/v2\/pages\/20526","targetHints":{"allow":["GET"]}}],"collection":[{"href":"https:\/\/montreux-vieux.net\/index.php?rest_route=\/wp\/v2\/pages"}],"about":[{"href":"https:\/\/montreux-vieux.net\/index.php?rest_route=\/wp\/v2\/types\/page"}],"author":[{"embeddable":true,"href":"https:\/\/montreux-vieux.net\/index.php?rest_route=\/wp\/v2\/users\/1"}],"replies":[{"embeddable":true,"href":"https:\/\/montreux-vieux.net\/index.php?rest_route=%2Fwp%2Fv2%2Fcomments&post=20526"}],"version-history":[{"count":1,"href":"https:\/\/montreux-vieux.net\/index.php?rest_route=\/wp\/v2\/pages\/20526\/revisions"}],"predecessor-version":[{"id":20527,"href":"https:\/\/montreux-vieux.net\/index.php?rest_route=\/wp\/v2\/pages\/20526\/revisions\/20527"}],"up":[{"embeddable":true,"href":"https:\/\/montreux-vieux.net\/index.php?rest_route=\/wp\/v2\/pages\/13044"}],"wp:attachment":[{"href":"https:\/\/montreux-vieux.net\/index.php?rest_route=%2Fwp%2Fv2%2Fmedia&parent=20526"}],"curies":[{"name":"wp","href":"https:\/\/api.w.org\/{rel}","templated":true}]}}