{"id":20702,"date":"2020-08-23T10:15:20","date_gmt":"2020-08-23T09:15:20","guid":{"rendered":"http:\/\/montreux-vieux.net\/?page_id=20702"},"modified":"2020-08-23T10:15:20","modified_gmt":"2020-08-23T09:15:20","slug":"les-imprudences-tragiques","status":"publish","type":"page","link":"https:\/\/montreux-vieux.net\/?page_id=20702","title":{"rendered":"Les Imprudences tragiques."},"content":{"rendered":"\n<p>MONTREUX-VIEUX Les Imprudences tragiques. \u2014 Ce sont toujours les m\u00eames gestes imprudents que l\u2019on ne cesse \u00e0 signaler \u00e0 nos m\u00e9nag\u00e8res et qui toujours se reproduisent. Ces jours derniers ce fut Mme F. qui pla\u00e7a dans le po\u00eale une bouillotte remplie d\u2019eau dont elle avait imprudemment viss\u00e9 le bouchon. Sous la pression grandissante de la vapeur, le r\u00e9cipient tout \u00e0 coup \u00e9clata, faisant \u00e9galement sauter une partie du po\u00eale. Mme F. et son enfant furent l\u00e9g\u00e8rement bless\u00e9s.<\/p>\n\n\n\n<p>Sources&nbsp;: Express 12 d\u00e9cembre 1933<\/p>\n","protected":false},"excerpt":{"rendered":"<p>MONTREUX-VIEUX Les Imprudences tragiques. \u2014 Ce sont toujours les m\u00eames gestes imprudents que l\u2019on ne cesse \u00e0 signaler \u00e0 nos m\u00e9nag\u00e8res et qui toujours se reproduisent. Ces jours derniers ce fut Mme F. qui pla\u00e7a dans le po\u00eale une bouillotte &hellip; <a href=\"https:\/\/montreux-vieux.net\/?page_id=20702\">Continuer la lecture <span class=\"meta-nav\">&rarr;<\/span><\/a><\/p>\n","protected":false},"author":1,"featured_media":0,"parent":13044,"menu_order":570,"comment_status":"closed","ping_status":"open","template":"","meta":{"footnotes":""},"class_list":["post-20702","page","type-page","status-publish","hentry"],"_links":{"self":[{"href":"https:\/\/montreux-vieux.net\/index.php?rest_route=\/wp\/v2\/pages\/20702","targetHints":{"allow":["GET"]}}],"collection":[{"href":"https:\/\/montreux-vieux.net\/index.php?rest_route=\/wp\/v2\/pages"}],"about":[{"href":"https:\/\/montreux-vieux.net\/index.php?rest_route=\/wp\/v2\/types\/page"}],"author":[{"embeddable":true,"href":"https:\/\/montreux-vieux.net\/index.php?rest_route=\/wp\/v2\/users\/1"}],"replies":[{"embeddable":true,"href":"https:\/\/montreux-vieux.net\/index.php?rest_route=%2Fwp%2Fv2%2Fcomments&post=20702"}],"version-history":[{"count":1,"href":"https:\/\/montreux-vieux.net\/index.php?rest_route=\/wp\/v2\/pages\/20702\/revisions"}],"predecessor-version":[{"id":20703,"href":"https:\/\/montreux-vieux.net\/index.php?rest_route=\/wp\/v2\/pages\/20702\/revisions\/20703"}],"up":[{"embeddable":true,"href":"https:\/\/montreux-vieux.net\/index.php?rest_route=\/wp\/v2\/pages\/13044"}],"wp:attachment":[{"href":"https:\/\/montreux-vieux.net\/index.php?rest_route=%2Fwp%2Fv2%2Fmedia&parent=20702"}],"curies":[{"name":"wp","href":"https:\/\/api.w.org\/{rel}","templated":true}]}}