{"id":20721,"date":"2020-08-24T09:55:25","date_gmt":"2020-08-24T08:55:25","guid":{"rendered":"http:\/\/montreux-vieux.net\/?page_id=20721"},"modified":"2020-08-24T09:55:25","modified_gmt":"2020-08-24T08:55:25","slug":"3-doigts-ecrases-par-un-rail","status":"publish","type":"page","link":"https:\/\/montreux-vieux.net\/?page_id=20721","title":{"rendered":"3 doigts \u00e9cras\u00e9s par un rail"},"content":{"rendered":"\n<p>Montreux-Vieux. \u2014 On nous \u00e9crit le 23 ao\u00fbt :<\/p>\n\n\n\n<p>Des hommes d\u2019\u00e9quipe occup\u00e9s \u00e0 la reconstruction de la ligne Dannemarie-Montreux ont laiss\u00e9 tomber, ce matin, un rail sur la main droite d&rsquo;un ouvrier. Ce dernier, Joseph Wolff, de Montreux-Jeune, a eu trois doigts compl\u00e8tement \u00e9cras\u00e9s par suite de cet accident ; il s\u2019est fait soigner aussit\u00f4t par un m\u00e9decin, mais on doute que le malheureux puisse \u00e9chapper \u00e0 une amputation. Sources\u00a0: Express 25 ao\u00fbt 1887<\/p>\n","protected":false},"excerpt":{"rendered":"<p>Montreux-Vieux. \u2014 On nous \u00e9crit le 23 ao\u00fbt : Des hommes d\u2019\u00e9quipe occup\u00e9s \u00e0 la reconstruction de la ligne Dannemarie-Montreux ont laiss\u00e9 tomber, ce matin, un rail sur la main droite d&rsquo;un ouvrier. Ce dernier, Joseph Wolff, de Montreux-Jeune, a &hellip; <a href=\"https:\/\/montreux-vieux.net\/?page_id=20721\">Continuer la lecture <span class=\"meta-nav\">&rarr;<\/span><\/a><\/p>\n","protected":false},"author":1,"featured_media":0,"parent":13009,"menu_order":70,"comment_status":"closed","ping_status":"open","template":"","meta":{"footnotes":""},"class_list":["post-20721","page","type-page","status-publish","hentry"],"_links":{"self":[{"href":"https:\/\/montreux-vieux.net\/index.php?rest_route=\/wp\/v2\/pages\/20721","targetHints":{"allow":["GET"]}}],"collection":[{"href":"https:\/\/montreux-vieux.net\/index.php?rest_route=\/wp\/v2\/pages"}],"about":[{"href":"https:\/\/montreux-vieux.net\/index.php?rest_route=\/wp\/v2\/types\/page"}],"author":[{"embeddable":true,"href":"https:\/\/montreux-vieux.net\/index.php?rest_route=\/wp\/v2\/users\/1"}],"replies":[{"embeddable":true,"href":"https:\/\/montreux-vieux.net\/index.php?rest_route=%2Fwp%2Fv2%2Fcomments&post=20721"}],"version-history":[{"count":1,"href":"https:\/\/montreux-vieux.net\/index.php?rest_route=\/wp\/v2\/pages\/20721\/revisions"}],"predecessor-version":[{"id":20722,"href":"https:\/\/montreux-vieux.net\/index.php?rest_route=\/wp\/v2\/pages\/20721\/revisions\/20722"}],"up":[{"embeddable":true,"href":"https:\/\/montreux-vieux.net\/index.php?rest_route=\/wp\/v2\/pages\/13009"}],"wp:attachment":[{"href":"https:\/\/montreux-vieux.net\/index.php?rest_route=%2Fwp%2Fv2%2Fmedia&parent=20721"}],"curies":[{"name":"wp","href":"https:\/\/api.w.org\/{rel}","templated":true}]}}