{"id":20724,"date":"2020-08-24T10:05:06","date_gmt":"2020-08-24T09:05:06","guid":{"rendered":"http:\/\/montreux-vieux.net\/?page_id=20724"},"modified":"2020-08-24T10:05:06","modified_gmt":"2020-08-24T09:05:06","slug":"le-chef-de-gare-a-eu-4-doigts-sectionnes","status":"publish","type":"page","link":"https:\/\/montreux-vieux.net\/?page_id=20724","title":{"rendered":"Le chef de gare a eu 4 doigts sectionn\u00e9s"},"content":{"rendered":"\n<p>Montreux-Vieux. -\u2014Un triste accident est arriv\u00e9 hier soir \u00e0 la gare de Montreux-Vieux. M. Bl\u0153sser, chef de gare nouvellement nomm\u00e9 \u00e0 ce poste, venait de parler aux employ\u00e9s occup\u00e9s \u00e0 l\u2019exp\u00e9dition des trains qui se trouvaient en gare ; en traversant les voies, il tr\u00e9bucha contre les fils de ter communiquant avec les appareils de la gare et tomba si malheureusement sur la voie o\u00f9 s\u2019avan\u00e7ait pr\u00e9cis\u00e9ment un train que quatre doigts de la main gauche furent coup\u00e9s.<\/p>\n\n\n\n<p>Sources&nbsp;: Express 6 f\u00e9vrier 1886<\/p>\n","protected":false},"excerpt":{"rendered":"<p>Montreux-Vieux. -\u2014Un triste accident est arriv\u00e9 hier soir \u00e0 la gare de Montreux-Vieux. M. Bl\u0153sser, chef de gare nouvellement nomm\u00e9 \u00e0 ce poste, venait de parler aux employ\u00e9s occup\u00e9s \u00e0 l\u2019exp\u00e9dition des trains qui se trouvaient en gare ; en &hellip; <a href=\"https:\/\/montreux-vieux.net\/?page_id=20724\">Continuer la lecture <span class=\"meta-nav\">&rarr;<\/span><\/a><\/p>\n","protected":false},"author":1,"featured_media":0,"parent":13009,"menu_order":75,"comment_status":"closed","ping_status":"open","template":"","meta":{"footnotes":""},"class_list":["post-20724","page","type-page","status-publish","hentry"],"_links":{"self":[{"href":"https:\/\/montreux-vieux.net\/index.php?rest_route=\/wp\/v2\/pages\/20724","targetHints":{"allow":["GET"]}}],"collection":[{"href":"https:\/\/montreux-vieux.net\/index.php?rest_route=\/wp\/v2\/pages"}],"about":[{"href":"https:\/\/montreux-vieux.net\/index.php?rest_route=\/wp\/v2\/types\/page"}],"author":[{"embeddable":true,"href":"https:\/\/montreux-vieux.net\/index.php?rest_route=\/wp\/v2\/users\/1"}],"replies":[{"embeddable":true,"href":"https:\/\/montreux-vieux.net\/index.php?rest_route=%2Fwp%2Fv2%2Fcomments&post=20724"}],"version-history":[{"count":1,"href":"https:\/\/montreux-vieux.net\/index.php?rest_route=\/wp\/v2\/pages\/20724\/revisions"}],"predecessor-version":[{"id":20725,"href":"https:\/\/montreux-vieux.net\/index.php?rest_route=\/wp\/v2\/pages\/20724\/revisions\/20725"}],"up":[{"embeddable":true,"href":"https:\/\/montreux-vieux.net\/index.php?rest_route=\/wp\/v2\/pages\/13009"}],"wp:attachment":[{"href":"https:\/\/montreux-vieux.net\/index.php?rest_route=%2Fwp%2Fv2%2Fmedia&parent=20724"}],"curies":[{"name":"wp","href":"https:\/\/api.w.org\/{rel}","templated":true}]}}