{"id":20731,"date":"2020-08-24T15:13:09","date_gmt":"2020-08-24T14:13:09","guid":{"rendered":"http:\/\/montreux-vieux.net\/?page_id=20731"},"modified":"2020-08-24T15:13:09","modified_gmt":"2020-08-24T14:13:09","slug":"le-gendarme-a-fait-usage-de-son-sabre","status":"publish","type":"page","link":"https:\/\/montreux-vieux.net\/?page_id=20731","title":{"rendered":"Le gendarme a fait usage de son sabre"},"content":{"rendered":"\n<p>Montreux-Vieux. \u2014 Un gendarme a arr\u00eat\u00e9, hier, tout pr\u00e8s de la fronti\u00e8re, un r\u00e9fractaire qui opposa une telle r\u00e9sistance que le repr\u00e9sentant de l\u2019autorit\u00e9 a d\u00fb faire usage de son sabre. Le r\u00e9calcitrant a \u00e9t\u00e9 finalement ligot\u00e9 et transport\u00e9 \u00e0 la prison de Dannemarie.<\/p>\n\n\n\n<p>Sources&nbsp;: Express 24 juin 1896<\/p>\n","protected":false},"excerpt":{"rendered":"<p>Montreux-Vieux. \u2014 Un gendarme a arr\u00eat\u00e9, hier, tout pr\u00e8s de la fronti\u00e8re, un r\u00e9fractaire qui opposa une telle r\u00e9sistance que le repr\u00e9sentant de l\u2019autorit\u00e9 a d\u00fb faire usage de son sabre. Le r\u00e9calcitrant a \u00e9t\u00e9 finalement ligot\u00e9 et transport\u00e9 \u00e0 &hellip; <a href=\"https:\/\/montreux-vieux.net\/?page_id=20731\">Continuer la lecture <span class=\"meta-nav\">&rarr;<\/span><\/a><\/p>\n","protected":false},"author":1,"featured_media":0,"parent":13044,"menu_order":575,"comment_status":"closed","ping_status":"open","template":"","meta":{"footnotes":""},"class_list":["post-20731","page","type-page","status-publish","hentry"],"_links":{"self":[{"href":"https:\/\/montreux-vieux.net\/index.php?rest_route=\/wp\/v2\/pages\/20731","targetHints":{"allow":["GET"]}}],"collection":[{"href":"https:\/\/montreux-vieux.net\/index.php?rest_route=\/wp\/v2\/pages"}],"about":[{"href":"https:\/\/montreux-vieux.net\/index.php?rest_route=\/wp\/v2\/types\/page"}],"author":[{"embeddable":true,"href":"https:\/\/montreux-vieux.net\/index.php?rest_route=\/wp\/v2\/users\/1"}],"replies":[{"embeddable":true,"href":"https:\/\/montreux-vieux.net\/index.php?rest_route=%2Fwp%2Fv2%2Fcomments&post=20731"}],"version-history":[{"count":1,"href":"https:\/\/montreux-vieux.net\/index.php?rest_route=\/wp\/v2\/pages\/20731\/revisions"}],"predecessor-version":[{"id":20732,"href":"https:\/\/montreux-vieux.net\/index.php?rest_route=\/wp\/v2\/pages\/20731\/revisions\/20732"}],"up":[{"embeddable":true,"href":"https:\/\/montreux-vieux.net\/index.php?rest_route=\/wp\/v2\/pages\/13044"}],"wp:attachment":[{"href":"https:\/\/montreux-vieux.net\/index.php?rest_route=%2Fwp%2Fv2%2Fmedia&parent=20731"}],"curies":[{"name":"wp","href":"https:\/\/api.w.org\/{rel}","templated":true}]}}