{"id":20734,"date":"2020-08-24T15:18:12","date_gmt":"2020-08-24T14:18:12","guid":{"rendered":"http:\/\/montreux-vieux.net\/?page_id=20734"},"modified":"2020-08-24T15:18:12","modified_gmt":"2020-08-24T14:18:12","slug":"et-la-plaque","status":"publish","type":"page","link":"https:\/\/montreux-vieux.net\/?page_id=20734","title":{"rendered":"Et la plaque ?"},"content":{"rendered":"\n<p>Et la plaque ? \u2014 Le cycliste Corsini C\u00e9sar. 20 ans, manoeuvre demeurant \u00e0 Montreux-Vieux (Haut-Rhin), n&rsquo;a pu pr\u00e9senter la plaque de contr\u00f4le de l\u2019ann\u00e9e. Il a \u00e9t\u00e9 verbalis\u00e9 par les gendarmes.<\/p>\n\n\n\n<p>Sources&nbsp;: Le R\u00e9publicain de Belfort 24 f\u00e9vrier 1934<\/p>\n","protected":false},"excerpt":{"rendered":"<p>Et la plaque ? \u2014 Le cycliste Corsini C\u00e9sar. 20 ans, manoeuvre demeurant \u00e0 Montreux-Vieux (Haut-Rhin), n&rsquo;a pu pr\u00e9senter la plaque de contr\u00f4le de l\u2019ann\u00e9e. Il a \u00e9t\u00e9 verbalis\u00e9 par les gendarmes. Sources&nbsp;: Le R\u00e9publicain de Belfort 24 f\u00e9vrier 1934<\/p>\n","protected":false},"author":1,"featured_media":0,"parent":13044,"menu_order":580,"comment_status":"closed","ping_status":"open","template":"","meta":{"footnotes":""},"class_list":["post-20734","page","type-page","status-publish","hentry"],"_links":{"self":[{"href":"https:\/\/montreux-vieux.net\/index.php?rest_route=\/wp\/v2\/pages\/20734","targetHints":{"allow":["GET"]}}],"collection":[{"href":"https:\/\/montreux-vieux.net\/index.php?rest_route=\/wp\/v2\/pages"}],"about":[{"href":"https:\/\/montreux-vieux.net\/index.php?rest_route=\/wp\/v2\/types\/page"}],"author":[{"embeddable":true,"href":"https:\/\/montreux-vieux.net\/index.php?rest_route=\/wp\/v2\/users\/1"}],"replies":[{"embeddable":true,"href":"https:\/\/montreux-vieux.net\/index.php?rest_route=%2Fwp%2Fv2%2Fcomments&post=20734"}],"version-history":[{"count":1,"href":"https:\/\/montreux-vieux.net\/index.php?rest_route=\/wp\/v2\/pages\/20734\/revisions"}],"predecessor-version":[{"id":20735,"href":"https:\/\/montreux-vieux.net\/index.php?rest_route=\/wp\/v2\/pages\/20734\/revisions\/20735"}],"up":[{"embeddable":true,"href":"https:\/\/montreux-vieux.net\/index.php?rest_route=\/wp\/v2\/pages\/13044"}],"wp:attachment":[{"href":"https:\/\/montreux-vieux.net\/index.php?rest_route=%2Fwp%2Fv2%2Fmedia&parent=20734"}],"curies":[{"name":"wp","href":"https:\/\/api.w.org\/{rel}","templated":true}]}}