{"id":20751,"date":"2020-08-29T08:07:34","date_gmt":"2020-08-29T07:07:34","guid":{"rendered":"http:\/\/montreux-vieux.net\/?page_id=20751"},"modified":"2020-08-29T08:07:34","modified_gmt":"2020-08-29T07:07:34","slug":"un-jeune-homme-ecrase-par-le-train","status":"publish","type":"page","link":"https:\/\/montreux-vieux.net\/?page_id=20751","title":{"rendered":"Un jeune homme \u00e9cras\u00e9 par le train"},"content":{"rendered":"\n<p>MONTREUX-VIEUX Un jeune homme \u00e9cras\u00e9 par le train. \u2014 Hier matin, de bonne heure, un m\u00e9canicien signala \u00e0 son passage dans notre gare qu\u2019il avait aper\u00e7u sur la voie ferr\u00e9e, \u00e0 quelques pas de la bifurcation de PetitCroix \u2014 Mcntreux-Vieux, un cadavre humain. On se rendit aussit\u00f4t sur les lieux et l&rsquo;on trouva en effet le corps atrocement mutil\u00e9 d\u2019un jeune domestique de culture, employ\u00e9 chez le restaurateur Dietrich.<\/p>\n\n\n\n<p>Sources&nbsp;: L\u2019Express de Mulhouse 19 mai 1937<\/p>\n","protected":false},"excerpt":{"rendered":"<p>MONTREUX-VIEUX Un jeune homme \u00e9cras\u00e9 par le train. \u2014 Hier matin, de bonne heure, un m\u00e9canicien signala \u00e0 son passage dans notre gare qu\u2019il avait aper\u00e7u sur la voie ferr\u00e9e, \u00e0 quelques pas de la bifurcation de PetitCroix \u2014 Mcntreux-Vieux, &hellip; <a href=\"https:\/\/montreux-vieux.net\/?page_id=20751\">Continuer la lecture <span class=\"meta-nav\">&rarr;<\/span><\/a><\/p>\n","protected":false},"author":1,"featured_media":0,"parent":13009,"menu_order":90,"comment_status":"closed","ping_status":"open","template":"","meta":{"footnotes":""},"class_list":["post-20751","page","type-page","status-publish","hentry"],"_links":{"self":[{"href":"https:\/\/montreux-vieux.net\/index.php?rest_route=\/wp\/v2\/pages\/20751","targetHints":{"allow":["GET"]}}],"collection":[{"href":"https:\/\/montreux-vieux.net\/index.php?rest_route=\/wp\/v2\/pages"}],"about":[{"href":"https:\/\/montreux-vieux.net\/index.php?rest_route=\/wp\/v2\/types\/page"}],"author":[{"embeddable":true,"href":"https:\/\/montreux-vieux.net\/index.php?rest_route=\/wp\/v2\/users\/1"}],"replies":[{"embeddable":true,"href":"https:\/\/montreux-vieux.net\/index.php?rest_route=%2Fwp%2Fv2%2Fcomments&post=20751"}],"version-history":[{"count":1,"href":"https:\/\/montreux-vieux.net\/index.php?rest_route=\/wp\/v2\/pages\/20751\/revisions"}],"predecessor-version":[{"id":20752,"href":"https:\/\/montreux-vieux.net\/index.php?rest_route=\/wp\/v2\/pages\/20751\/revisions\/20752"}],"up":[{"embeddable":true,"href":"https:\/\/montreux-vieux.net\/index.php?rest_route=\/wp\/v2\/pages\/13009"}],"wp:attachment":[{"href":"https:\/\/montreux-vieux.net\/index.php?rest_route=%2Fwp%2Fv2%2Fmedia&parent=20751"}],"curies":[{"name":"wp","href":"https:\/\/api.w.org\/{rel}","templated":true}]}}