{"id":20754,"date":"2020-08-29T08:11:47","date_gmt":"2020-08-29T07:11:47","guid":{"rendered":"http:\/\/montreux-vieux.net\/?page_id=20754"},"modified":"2020-08-29T08:11:47","modified_gmt":"2020-08-29T07:11:47","slug":"les-jambes-broyees","status":"publish","type":"page","link":"https:\/\/montreux-vieux.net\/?page_id=20754","title":{"rendered":"Les jambes broy\u00e9es"},"content":{"rendered":"\n<p>MONTREUX-VIEUX. Au cours d une manoeuvre de wagons, avant hier, vers midi, en gare, un homme d\u2019\u00e9quipe, Louis Kaiser, a \u00e9t\u00e9 pris entre deux tampons et a eu les jambes broy\u00e9es. Il a \u00e9t\u00e9 transport\u00e9 aussit\u00f4t au Hasenrain o\u00f9 l\u2019amputationn sera certainement pratiqu\u00e9e. En tout cas l\u2019\u00e9tat de Kaiser est consid\u00e9r\u00e9 comme alarmant. Il est mari\u00e9 et p\u00e8re de famille.<\/p>\n\n\n\n<p>Sources&nbsp;: L\u2019Express de Mulhouse 22 mai 1924<\/p>\n","protected":false},"excerpt":{"rendered":"<p>MONTREUX-VIEUX. Au cours d une manoeuvre de wagons, avant hier, vers midi, en gare, un homme d\u2019\u00e9quipe, Louis Kaiser, a \u00e9t\u00e9 pris entre deux tampons et a eu les jambes broy\u00e9es. Il a \u00e9t\u00e9 transport\u00e9 aussit\u00f4t au Hasenrain o\u00f9 l\u2019amputationn &hellip; <a href=\"https:\/\/montreux-vieux.net\/?page_id=20754\">Continuer la lecture <span class=\"meta-nav\">&rarr;<\/span><\/a><\/p>\n","protected":false},"author":1,"featured_media":0,"parent":13009,"menu_order":95,"comment_status":"closed","ping_status":"open","template":"","meta":{"footnotes":""},"class_list":["post-20754","page","type-page","status-publish","hentry"],"_links":{"self":[{"href":"https:\/\/montreux-vieux.net\/index.php?rest_route=\/wp\/v2\/pages\/20754","targetHints":{"allow":["GET"]}}],"collection":[{"href":"https:\/\/montreux-vieux.net\/index.php?rest_route=\/wp\/v2\/pages"}],"about":[{"href":"https:\/\/montreux-vieux.net\/index.php?rest_route=\/wp\/v2\/types\/page"}],"author":[{"embeddable":true,"href":"https:\/\/montreux-vieux.net\/index.php?rest_route=\/wp\/v2\/users\/1"}],"replies":[{"embeddable":true,"href":"https:\/\/montreux-vieux.net\/index.php?rest_route=%2Fwp%2Fv2%2Fcomments&post=20754"}],"version-history":[{"count":1,"href":"https:\/\/montreux-vieux.net\/index.php?rest_route=\/wp\/v2\/pages\/20754\/revisions"}],"predecessor-version":[{"id":20755,"href":"https:\/\/montreux-vieux.net\/index.php?rest_route=\/wp\/v2\/pages\/20754\/revisions\/20755"}],"up":[{"embeddable":true,"href":"https:\/\/montreux-vieux.net\/index.php?rest_route=\/wp\/v2\/pages\/13009"}],"wp:attachment":[{"href":"https:\/\/montreux-vieux.net\/index.php?rest_route=%2Fwp%2Fv2%2Fmedia&parent=20754"}],"curies":[{"name":"wp","href":"https:\/\/api.w.org\/{rel}","templated":true}]}}