{"id":20757,"date":"2020-08-29T08:17:27","date_gmt":"2020-08-29T07:17:27","guid":{"rendered":"http:\/\/montreux-vieux.net\/?page_id=20757"},"modified":"2020-08-29T08:18:26","modified_gmt":"2020-08-29T07:18:26","slug":"le-controleur-tombe-du-train","status":"publish","type":"page","link":"https:\/\/montreux-vieux.net\/?page_id=20757","title":{"rendered":"Le contr\u00f4leur tombe du train"},"content":{"rendered":"\n<p>Montreux-Vieux, 28 novembre. \u2014 La sieur Burghard, de Mulhouse, contr\u00f4ieur des billets du train de Calais-8\u00e2le, est tomb\u00e9 du marchepied, pendant son service, et s\u2019est gri\u00e8vement bless\u00e9 au bras. Sa chute a \u00e9t\u00e9 pr\u00e9voqu\u00e9e par le poteau signal qui se trouve \u00e0 la gare et contre lequel il s\u2019est heurt\u00e9 au passage du train. Ce poteau est trop rapproch\u00e9 de la voie. Il y a longtemps qu\u2019on aurait pu le d\u00e9placer.<\/p>\n\n\n\n<p>Sources&nbsp;: Express 29 novembre 1898<\/p>\n","protected":false},"excerpt":{"rendered":"<p>Montreux-Vieux, 28 novembre. \u2014 La sieur Burghard, de Mulhouse, contr\u00f4ieur des billets du train de Calais-8\u00e2le, est tomb\u00e9 du marchepied, pendant son service, et s\u2019est gri\u00e8vement bless\u00e9 au bras. Sa chute a \u00e9t\u00e9 pr\u00e9voqu\u00e9e par le poteau signal qui se &hellip; <a href=\"https:\/\/montreux-vieux.net\/?page_id=20757\">Continuer la lecture <span class=\"meta-nav\">&rarr;<\/span><\/a><\/p>\n","protected":false},"author":1,"featured_media":0,"parent":13009,"menu_order":100,"comment_status":"closed","ping_status":"open","template":"","meta":{"footnotes":""},"class_list":["post-20757","page","type-page","status-publish","hentry"],"_links":{"self":[{"href":"https:\/\/montreux-vieux.net\/index.php?rest_route=\/wp\/v2\/pages\/20757","targetHints":{"allow":["GET"]}}],"collection":[{"href":"https:\/\/montreux-vieux.net\/index.php?rest_route=\/wp\/v2\/pages"}],"about":[{"href":"https:\/\/montreux-vieux.net\/index.php?rest_route=\/wp\/v2\/types\/page"}],"author":[{"embeddable":true,"href":"https:\/\/montreux-vieux.net\/index.php?rest_route=\/wp\/v2\/users\/1"}],"replies":[{"embeddable":true,"href":"https:\/\/montreux-vieux.net\/index.php?rest_route=%2Fwp%2Fv2%2Fcomments&post=20757"}],"version-history":[{"count":2,"href":"https:\/\/montreux-vieux.net\/index.php?rest_route=\/wp\/v2\/pages\/20757\/revisions"}],"predecessor-version":[{"id":20759,"href":"https:\/\/montreux-vieux.net\/index.php?rest_route=\/wp\/v2\/pages\/20757\/revisions\/20759"}],"up":[{"embeddable":true,"href":"https:\/\/montreux-vieux.net\/index.php?rest_route=\/wp\/v2\/pages\/13009"}],"wp:attachment":[{"href":"https:\/\/montreux-vieux.net\/index.php?rest_route=%2Fwp%2Fv2%2Fmedia&parent=20757"}],"curies":[{"name":"wp","href":"https:\/\/api.w.org\/{rel}","templated":true}]}}