{"id":20763,"date":"2020-08-29T13:00:37","date_gmt":"2020-08-29T12:00:37","guid":{"rendered":"http:\/\/montreux-vieux.net\/?page_id=20763"},"modified":"2020-08-29T13:00:37","modified_gmt":"2020-08-29T12:00:37","slug":"inspection-de-la-gare-par-le-sous-secretaire-detat-m-studt","status":"publish","type":"page","link":"https:\/\/montreux-vieux.net\/?page_id=20763","title":{"rendered":"Inspection de la gare par le sous-secr\u00e9taire d&rsquo;Etat M.Studt"},"content":{"rendered":"\n<p>Altkirch, 3 ao\u00fbt. M. Studt, sous-secr\u00e9taire d\u2019Etat, est ariv\u00e9 ici, venant de Strasbourg. Il s\u2019est rendu chez le kreisdirector, puis ces deux personnages sont partis pour Montreux Vieux, o\u00f9 le sous secr\u00e9taire d\u2019Etat a Inspect\u00e9 la gare fronti\u00e8re. Ce voyage est fortement comment\u00e9.<\/p>\n\n\n\n<p>Sources&nbsp;: L\u2019Ind\u00e9pendant R\u00e9mois 4 ao\u00fbt 1887<\/p>\n","protected":false},"excerpt":{"rendered":"<p>Altkirch, 3 ao\u00fbt. M. Studt, sous-secr\u00e9taire d\u2019Etat, est ariv\u00e9 ici, venant de Strasbourg. Il s\u2019est rendu chez le kreisdirector, puis ces deux personnages sont partis pour Montreux Vieux, o\u00f9 le sous secr\u00e9taire d\u2019Etat a Inspect\u00e9 la gare fronti\u00e8re. Ce voyage &hellip; <a href=\"https:\/\/montreux-vieux.net\/?page_id=20763\">Continuer la lecture <span class=\"meta-nav\">&rarr;<\/span><\/a><\/p>\n","protected":false},"author":1,"featured_media":0,"parent":13013,"menu_order":90,"comment_status":"closed","ping_status":"open","template":"","meta":{"footnotes":""},"class_list":["post-20763","page","type-page","status-publish","hentry"],"_links":{"self":[{"href":"https:\/\/montreux-vieux.net\/index.php?rest_route=\/wp\/v2\/pages\/20763","targetHints":{"allow":["GET"]}}],"collection":[{"href":"https:\/\/montreux-vieux.net\/index.php?rest_route=\/wp\/v2\/pages"}],"about":[{"href":"https:\/\/montreux-vieux.net\/index.php?rest_route=\/wp\/v2\/types\/page"}],"author":[{"embeddable":true,"href":"https:\/\/montreux-vieux.net\/index.php?rest_route=\/wp\/v2\/users\/1"}],"replies":[{"embeddable":true,"href":"https:\/\/montreux-vieux.net\/index.php?rest_route=%2Fwp%2Fv2%2Fcomments&post=20763"}],"version-history":[{"count":1,"href":"https:\/\/montreux-vieux.net\/index.php?rest_route=\/wp\/v2\/pages\/20763\/revisions"}],"predecessor-version":[{"id":20764,"href":"https:\/\/montreux-vieux.net\/index.php?rest_route=\/wp\/v2\/pages\/20763\/revisions\/20764"}],"up":[{"embeddable":true,"href":"https:\/\/montreux-vieux.net\/index.php?rest_route=\/wp\/v2\/pages\/13013"}],"wp:attachment":[{"href":"https:\/\/montreux-vieux.net\/index.php?rest_route=%2Fwp%2Fv2%2Fmedia&parent=20763"}],"curies":[{"name":"wp","href":"https:\/\/api.w.org\/{rel}","templated":true}]}}