{"id":20787,"date":"2020-08-29T15:28:38","date_gmt":"2020-08-29T14:28:38","guid":{"rendered":"http:\/\/montreux-vieux.net\/?page_id=20787"},"modified":"2020-08-29T15:28:38","modified_gmt":"2020-08-29T14:28:38","slug":"commissariat-de-police","status":"publish","type":"page","link":"https:\/\/montreux-vieux.net\/?page_id=20787","title":{"rendered":"Commissariat de police"},"content":{"rendered":"\n<p>Commissariat de police. \u2014 M. de Munster, commissaire surnum\u00e9raire \u00e0 Amanviller, est nomm\u00e9 \u00e0 l\u2019essai, aux fonctions de commissaire de police \u00e0 Mulhouse, en remplacement de M. Schilling, charg\u00e9 du commissariat de fronti\u00e8re \u00e0 Montreux-Vieux.<\/p>\n\n\n\n<p>Sources&nbsp;: Express 8 janvier 1893<\/p>\n","protected":false},"excerpt":{"rendered":"<p>Commissariat de police. \u2014 M. de Munster, commissaire surnum\u00e9raire \u00e0 Amanviller, est nomm\u00e9 \u00e0 l\u2019essai, aux fonctions de commissaire de police \u00e0 Mulhouse, en remplacement de M. Schilling, charg\u00e9 du commissariat de fronti\u00e8re \u00e0 Montreux-Vieux. Sources&nbsp;: Express 8 janvier 1893<\/p>\n","protected":false},"author":1,"featured_media":0,"parent":20403,"menu_order":20,"comment_status":"closed","ping_status":"open","template":"","meta":{"footnotes":""},"class_list":["post-20787","page","type-page","status-publish","hentry"],"_links":{"self":[{"href":"https:\/\/montreux-vieux.net\/index.php?rest_route=\/wp\/v2\/pages\/20787","targetHints":{"allow":["GET"]}}],"collection":[{"href":"https:\/\/montreux-vieux.net\/index.php?rest_route=\/wp\/v2\/pages"}],"about":[{"href":"https:\/\/montreux-vieux.net\/index.php?rest_route=\/wp\/v2\/types\/page"}],"author":[{"embeddable":true,"href":"https:\/\/montreux-vieux.net\/index.php?rest_route=\/wp\/v2\/users\/1"}],"replies":[{"embeddable":true,"href":"https:\/\/montreux-vieux.net\/index.php?rest_route=%2Fwp%2Fv2%2Fcomments&post=20787"}],"version-history":[{"count":1,"href":"https:\/\/montreux-vieux.net\/index.php?rest_route=\/wp\/v2\/pages\/20787\/revisions"}],"predecessor-version":[{"id":20788,"href":"https:\/\/montreux-vieux.net\/index.php?rest_route=\/wp\/v2\/pages\/20787\/revisions\/20788"}],"up":[{"embeddable":true,"href":"https:\/\/montreux-vieux.net\/index.php?rest_route=\/wp\/v2\/pages\/20403"}],"wp:attachment":[{"href":"https:\/\/montreux-vieux.net\/index.php?rest_route=%2Fwp%2Fv2%2Fmedia&parent=20787"}],"curies":[{"name":"wp","href":"https:\/\/api.w.org\/{rel}","templated":true}]}}