{"id":20798,"date":"2020-09-01T10:05:45","date_gmt":"2020-09-01T09:05:45","guid":{"rendered":"http:\/\/montreux-vieux.net\/?page_id=20798"},"modified":"2020-09-01T10:05:45","modified_gmt":"2020-09-01T09:05:45","slug":"chauffage-des-trains","status":"publish","type":"page","link":"https:\/\/montreux-vieux.net\/?page_id=20798","title":{"rendered":"Chauffage des trains"},"content":{"rendered":"\n<p>Montreux-Vieux, 6 janvier. \u2014 On a d\u00e9cid\u00e9 de remplacer, enfin, dans les trains circulant entre Mulhouse et Belfort et vice versa, les archa\u00efques bouillottes par le chauffage plus moderne \u00e0 la vapeur.<\/p>\n\n\n\n<p>Sources&nbsp;: Express 7 janvier 1905<\/p>\n","protected":false},"excerpt":{"rendered":"<p>Montreux-Vieux, 6 janvier. \u2014 On a d\u00e9cid\u00e9 de remplacer, enfin, dans les trains circulant entre Mulhouse et Belfort et vice versa, les archa\u00efques bouillottes par le chauffage plus moderne \u00e0 la vapeur. Sources&nbsp;: Express 7 janvier 1905<\/p>\n","protected":false},"author":1,"featured_media":0,"parent":13013,"menu_order":95,"comment_status":"closed","ping_status":"open","template":"","meta":{"footnotes":""},"class_list":["post-20798","page","type-page","status-publish","hentry"],"_links":{"self":[{"href":"https:\/\/montreux-vieux.net\/index.php?rest_route=\/wp\/v2\/pages\/20798","targetHints":{"allow":["GET"]}}],"collection":[{"href":"https:\/\/montreux-vieux.net\/index.php?rest_route=\/wp\/v2\/pages"}],"about":[{"href":"https:\/\/montreux-vieux.net\/index.php?rest_route=\/wp\/v2\/types\/page"}],"author":[{"embeddable":true,"href":"https:\/\/montreux-vieux.net\/index.php?rest_route=\/wp\/v2\/users\/1"}],"replies":[{"embeddable":true,"href":"https:\/\/montreux-vieux.net\/index.php?rest_route=%2Fwp%2Fv2%2Fcomments&post=20798"}],"version-history":[{"count":1,"href":"https:\/\/montreux-vieux.net\/index.php?rest_route=\/wp\/v2\/pages\/20798\/revisions"}],"predecessor-version":[{"id":20799,"href":"https:\/\/montreux-vieux.net\/index.php?rest_route=\/wp\/v2\/pages\/20798\/revisions\/20799"}],"up":[{"embeddable":true,"href":"https:\/\/montreux-vieux.net\/index.php?rest_route=\/wp\/v2\/pages\/13013"}],"wp:attachment":[{"href":"https:\/\/montreux-vieux.net\/index.php?rest_route=%2Fwp%2Fv2%2Fmedia&parent=20798"}],"curies":[{"name":"wp","href":"https:\/\/api.w.org\/{rel}","templated":true}]}}