{"id":20804,"date":"2020-09-01T10:27:56","date_gmt":"2020-09-01T09:27:56","guid":{"rendered":"http:\/\/montreux-vieux.net\/?page_id=20804"},"modified":"2020-09-01T10:27:56","modified_gmt":"2020-09-01T09:27:56","slug":"un-motocycliste-fait-une-chute-grave","status":"publish","type":"page","link":"https:\/\/montreux-vieux.net\/?page_id=20804","title":{"rendered":"Un motocycliste fait une chute grave."},"content":{"rendered":"\n<p>Montreux-Vieux. Un motocycliste fait une chute grave. \u2014 Le jeune A. R., demeurant \u00e0 lllzach, a fait l&rsquo;autre soir, vers 6 heures, une grave chute e motocyclette, pr\u00e9s du cimeti\u00e8re rie Montreux-Vieux. Le malheureux jeune homme avait perdu la ma\u00eetrise de sa machine et s&rsquo;\u00e9tait jet\u00e9 contre une borne kilom\u00e9trique. On le releva souffrant de plusieurs fractures de c\u00f4tes. Le motocycliste, qui le matin encore s\u2019\u00e9tait vu dresser proc\u00e8s-verbal \u00e0 Altkirch pour exc\u00e8s de vitesse, a \u00e9t\u00e9 transport\u00e9 a son domicile.<\/p>\n\n\n\n<p>Sources&nbsp;: L\u2019Express de Mulhouse 15 avril 1932<\/p>\n","protected":false},"excerpt":{"rendered":"<p>Montreux-Vieux. Un motocycliste fait une chute grave. \u2014 Le jeune A. R., demeurant \u00e0 lllzach, a fait l&rsquo;autre soir, vers 6 heures, une grave chute e motocyclette, pr\u00e9s du cimeti\u00e8re rie Montreux-Vieux. Le malheureux jeune homme avait perdu la ma\u00eetrise &hellip; <a href=\"https:\/\/montreux-vieux.net\/?page_id=20804\">Continuer la lecture <span class=\"meta-nav\">&rarr;<\/span><\/a><\/p>\n","protected":false},"author":1,"featured_media":0,"parent":13044,"menu_order":590,"comment_status":"closed","ping_status":"open","template":"","meta":{"footnotes":""},"class_list":["post-20804","page","type-page","status-publish","hentry"],"_links":{"self":[{"href":"https:\/\/montreux-vieux.net\/index.php?rest_route=\/wp\/v2\/pages\/20804","targetHints":{"allow":["GET"]}}],"collection":[{"href":"https:\/\/montreux-vieux.net\/index.php?rest_route=\/wp\/v2\/pages"}],"about":[{"href":"https:\/\/montreux-vieux.net\/index.php?rest_route=\/wp\/v2\/types\/page"}],"author":[{"embeddable":true,"href":"https:\/\/montreux-vieux.net\/index.php?rest_route=\/wp\/v2\/users\/1"}],"replies":[{"embeddable":true,"href":"https:\/\/montreux-vieux.net\/index.php?rest_route=%2Fwp%2Fv2%2Fcomments&post=20804"}],"version-history":[{"count":1,"href":"https:\/\/montreux-vieux.net\/index.php?rest_route=\/wp\/v2\/pages\/20804\/revisions"}],"predecessor-version":[{"id":20805,"href":"https:\/\/montreux-vieux.net\/index.php?rest_route=\/wp\/v2\/pages\/20804\/revisions\/20805"}],"up":[{"embeddable":true,"href":"https:\/\/montreux-vieux.net\/index.php?rest_route=\/wp\/v2\/pages\/13044"}],"wp:attachment":[{"href":"https:\/\/montreux-vieux.net\/index.php?rest_route=%2Fwp%2Fv2%2Fmedia&parent=20804"}],"curies":[{"name":"wp","href":"https:\/\/api.w.org\/{rel}","templated":true}]}}