{"id":20812,"date":"2020-09-03T08:46:22","date_gmt":"2020-09-03T07:46:22","guid":{"rendered":"http:\/\/montreux-vieux.net\/?page_id=20812"},"modified":"2020-09-03T08:46:22","modified_gmt":"2020-09-03T07:46:22","slug":"acte-de-sauvetage","status":"publish","type":"page","link":"https:\/\/montreux-vieux.net\/?page_id=20812","title":{"rendered":"Acte de sauvetage."},"content":{"rendered":"\n<p>MONTREUX-VIEUX Acte de sauvetage. \u2014 L\u2019autre jour, un enfant joua sur le pont au-dessus du canal du Rh\u00f4ne-au-Rhin. S\u2019\u00e9tant trop pench\u00e9, il perdit l\u2019\u00e9quilibre et tomba a l\u2019eau. Il se serait certainement noy\u00e9 sans l\u2019intervention de Mme Schwob. qui jeta \u00e0 l\u2019enfant une canne de p\u00eache se trouvant \u00e0 sa port\u00e9e. L\u2019enfant s\u2019y agrippa et&nbsp; put \u00eatre tir\u00e9 au sec. Nos f\u00e9licitations \u00e0 Mme Schwob.<\/p>\n\n\n\n<p>Sources&nbsp;: L\u2019Express de Mulhouse 1<sup>er<\/sup> septembre 1936<\/p>\n","protected":false},"excerpt":{"rendered":"<p>MONTREUX-VIEUX Acte de sauvetage. \u2014 L\u2019autre jour, un enfant joua sur le pont au-dessus du canal du Rh\u00f4ne-au-Rhin. S\u2019\u00e9tant trop pench\u00e9, il perdit l\u2019\u00e9quilibre et tomba a l\u2019eau. Il se serait certainement noy\u00e9 sans l\u2019intervention de Mme Schwob. qui jeta &hellip; <a href=\"https:\/\/montreux-vieux.net\/?page_id=20812\">Continuer la lecture <span class=\"meta-nav\">&rarr;<\/span><\/a><\/p>\n","protected":false},"author":1,"featured_media":0,"parent":13044,"menu_order":595,"comment_status":"closed","ping_status":"open","template":"","meta":{"footnotes":""},"class_list":["post-20812","page","type-page","status-publish","hentry"],"_links":{"self":[{"href":"https:\/\/montreux-vieux.net\/index.php?rest_route=\/wp\/v2\/pages\/20812","targetHints":{"allow":["GET"]}}],"collection":[{"href":"https:\/\/montreux-vieux.net\/index.php?rest_route=\/wp\/v2\/pages"}],"about":[{"href":"https:\/\/montreux-vieux.net\/index.php?rest_route=\/wp\/v2\/types\/page"}],"author":[{"embeddable":true,"href":"https:\/\/montreux-vieux.net\/index.php?rest_route=\/wp\/v2\/users\/1"}],"replies":[{"embeddable":true,"href":"https:\/\/montreux-vieux.net\/index.php?rest_route=%2Fwp%2Fv2%2Fcomments&post=20812"}],"version-history":[{"count":1,"href":"https:\/\/montreux-vieux.net\/index.php?rest_route=\/wp\/v2\/pages\/20812\/revisions"}],"predecessor-version":[{"id":20813,"href":"https:\/\/montreux-vieux.net\/index.php?rest_route=\/wp\/v2\/pages\/20812\/revisions\/20813"}],"up":[{"embeddable":true,"href":"https:\/\/montreux-vieux.net\/index.php?rest_route=\/wp\/v2\/pages\/13044"}],"wp:attachment":[{"href":"https:\/\/montreux-vieux.net\/index.php?rest_route=%2Fwp%2Fv2%2Fmedia&parent=20812"}],"curies":[{"name":"wp","href":"https:\/\/api.w.org\/{rel}","templated":true}]}}