{"id":20815,"date":"2020-09-03T08:52:15","date_gmt":"2020-09-03T07:52:15","guid":{"rendered":"http:\/\/montreux-vieux.net\/?page_id=20815"},"modified":"2020-09-03T08:52:15","modified_gmt":"2020-09-03T07:52:15","slug":"arrestation-2","status":"publish","type":"page","link":"https:\/\/montreux-vieux.net\/?page_id=20815","title":{"rendered":"Arrestation"},"content":{"rendered":"\n<p>Arrestation. \u2014 La gendarmerie a arret\u00e9 \u00e0 Montreux-Vieux le nomm\u00e9 Lucien Sautner, 22 ans. ma\u00e7on, sans domicile ni r\u00e9sidence fixes.<\/p>\n\n\n\n<p>Cet individu s\u2019\u00e9tait fait servir un repas et un paquet de cigarettes au caf\u00e9 Herbelin. \u00e0 Frais, et \u00e9tait parti sans payer.<\/p>\n\n\n\n<p>il avait d\u2019autre part emprunt\u00e9 pour plus de 800 francs \u00e0 une dizaine de personnes qui, on s\u2019en doute, n\u2019en avaient jamais revu la couleur.<\/p>\n\n\n\n<p>Sautner sera poursuivi pour vagabondage. On le soup\u00e7onne d&rsquo;\u00eatre l&rsquo;auteur du sabotage commis \u00e0 Foussemagne.<\/p>\n\n\n\n<p>Spirces&nbsp;: Le R\u00e9publicain de Belfort 16 novembre 1929<\/p>\n","protected":false},"excerpt":{"rendered":"<p>Arrestation. \u2014 La gendarmerie a arret\u00e9 \u00e0 Montreux-Vieux le nomm\u00e9 Lucien Sautner, 22 ans. ma\u00e7on, sans domicile ni r\u00e9sidence fixes. Cet individu s\u2019\u00e9tait fait servir un repas et un paquet de cigarettes au caf\u00e9 Herbelin. \u00e0 Frais, et \u00e9tait parti &hellip; <a href=\"https:\/\/montreux-vieux.net\/?page_id=20815\">Continuer la lecture <span class=\"meta-nav\">&rarr;<\/span><\/a><\/p>\n","protected":false},"author":1,"featured_media":0,"parent":13044,"menu_order":600,"comment_status":"closed","ping_status":"open","template":"","meta":{"footnotes":""},"class_list":["post-20815","page","type-page","status-publish","hentry"],"_links":{"self":[{"href":"https:\/\/montreux-vieux.net\/index.php?rest_route=\/wp\/v2\/pages\/20815","targetHints":{"allow":["GET"]}}],"collection":[{"href":"https:\/\/montreux-vieux.net\/index.php?rest_route=\/wp\/v2\/pages"}],"about":[{"href":"https:\/\/montreux-vieux.net\/index.php?rest_route=\/wp\/v2\/types\/page"}],"author":[{"embeddable":true,"href":"https:\/\/montreux-vieux.net\/index.php?rest_route=\/wp\/v2\/users\/1"}],"replies":[{"embeddable":true,"href":"https:\/\/montreux-vieux.net\/index.php?rest_route=%2Fwp%2Fv2%2Fcomments&post=20815"}],"version-history":[{"count":1,"href":"https:\/\/montreux-vieux.net\/index.php?rest_route=\/wp\/v2\/pages\/20815\/revisions"}],"predecessor-version":[{"id":20816,"href":"https:\/\/montreux-vieux.net\/index.php?rest_route=\/wp\/v2\/pages\/20815\/revisions\/20816"}],"up":[{"embeddable":true,"href":"https:\/\/montreux-vieux.net\/index.php?rest_route=\/wp\/v2\/pages\/13044"}],"wp:attachment":[{"href":"https:\/\/montreux-vieux.net\/index.php?rest_route=%2Fwp%2Fv2%2Fmedia&parent=20815"}],"curies":[{"name":"wp","href":"https:\/\/api.w.org\/{rel}","templated":true}]}}