{"id":20818,"date":"2020-09-03T09:11:41","date_gmt":"2020-09-03T08:11:41","guid":{"rendered":"http:\/\/montreux-vieux.net\/?page_id=20818"},"modified":"2020-09-03T09:11:41","modified_gmt":"2020-09-03T08:11:41","slug":"un-fou-sevade","status":"publish","type":"page","link":"https:\/\/montreux-vieux.net\/?page_id=20818","title":{"rendered":"Un fou s\u2019\u00e9vade"},"content":{"rendered":"\n<p>Un fou s\u2019\u00e9vade et est r\u00e9int\u00e9gr\u00e9. Le nomm\u00e9 Soehulen Jean, de Montreux-Vieux, \u00e9vad\u00e9 de l\u2019 Asile d ali\u00e9n\u00e9s de Rouffach, s\u2019\u00e9tait pr\u00e9sent\u00e9 dans une famille de la rue de la station o\u00f9 deux agents sont venus le cueillir et l\u2019ont conduit \u00e0 l&rsquo;h\u00f4pital civil, en attendant sa r\u00e9int\u00e9gration \u00e0 Rouffach.<\/p>\n\n\n\n<p>Sources&nbsp;: L\u2019Express 11 octobre 1920<\/p>\n","protected":false},"excerpt":{"rendered":"<p>Un fou s\u2019\u00e9vade et est r\u00e9int\u00e9gr\u00e9. Le nomm\u00e9 Soehulen Jean, de Montreux-Vieux, \u00e9vad\u00e9 de l\u2019 Asile d ali\u00e9n\u00e9s de Rouffach, s\u2019\u00e9tait pr\u00e9sent\u00e9 dans une famille de la rue de la station o\u00f9 deux agents sont venus le cueillir et l\u2019ont &hellip; <a href=\"https:\/\/montreux-vieux.net\/?page_id=20818\">Continuer la lecture <span class=\"meta-nav\">&rarr;<\/span><\/a><\/p>\n","protected":false},"author":1,"featured_media":0,"parent":13044,"menu_order":605,"comment_status":"closed","ping_status":"open","template":"","meta":{"footnotes":""},"class_list":["post-20818","page","type-page","status-publish","hentry"],"_links":{"self":[{"href":"https:\/\/montreux-vieux.net\/index.php?rest_route=\/wp\/v2\/pages\/20818","targetHints":{"allow":["GET"]}}],"collection":[{"href":"https:\/\/montreux-vieux.net\/index.php?rest_route=\/wp\/v2\/pages"}],"about":[{"href":"https:\/\/montreux-vieux.net\/index.php?rest_route=\/wp\/v2\/types\/page"}],"author":[{"embeddable":true,"href":"https:\/\/montreux-vieux.net\/index.php?rest_route=\/wp\/v2\/users\/1"}],"replies":[{"embeddable":true,"href":"https:\/\/montreux-vieux.net\/index.php?rest_route=%2Fwp%2Fv2%2Fcomments&post=20818"}],"version-history":[{"count":1,"href":"https:\/\/montreux-vieux.net\/index.php?rest_route=\/wp\/v2\/pages\/20818\/revisions"}],"predecessor-version":[{"id":20819,"href":"https:\/\/montreux-vieux.net\/index.php?rest_route=\/wp\/v2\/pages\/20818\/revisions\/20819"}],"up":[{"embeddable":true,"href":"https:\/\/montreux-vieux.net\/index.php?rest_route=\/wp\/v2\/pages\/13044"}],"wp:attachment":[{"href":"https:\/\/montreux-vieux.net\/index.php?rest_route=%2Fwp%2Fv2%2Fmedia&parent=20818"}],"curies":[{"name":"wp","href":"https:\/\/api.w.org\/{rel}","templated":true}]}}