{"id":20841,"date":"2020-09-06T10:44:43","date_gmt":"2020-09-06T09:44:43","guid":{"rendered":"http:\/\/montreux-vieux.net\/?page_id=20841"},"modified":"2020-09-06T10:44:43","modified_gmt":"2020-09-06T09:44:43","slug":"la-bicyclette-volee","status":"publish","type":"page","link":"https:\/\/montreux-vieux.net\/?page_id=20841","title":{"rendered":"La bicyclette vol\u00e9e"},"content":{"rendered":"\n<p>MONTREUX-VIEUX, 19 novembre. \u2014 Ces jours derniers, M. Herbelin Edouard, 26 ans, n\u00e9gociant \u00e0 Frais, ayant \u00e0 faire \u00e0 la gare de Montreux-Vieux, d\u00e9posa sa bicyclette contre le mur d&rsquo;une maison en face. Au moment de la reprendre, il constata, \u00e0 sa grande stup\u00e9faction quelle avait disparu. L\u2019auteur du vol est connu et plainte a \u00e9t\u00e9 port\u00e9e aux gendarmeries allemande et fran\u00e7aise, qui recherchent le voleur.<\/p>\n\n\n\n<p>Sources&nbsp;: Express 20 novembre 1911<\/p>\n","protected":false},"excerpt":{"rendered":"<p>MONTREUX-VIEUX, 19 novembre. \u2014 Ces jours derniers, M. Herbelin Edouard, 26 ans, n\u00e9gociant \u00e0 Frais, ayant \u00e0 faire \u00e0 la gare de Montreux-Vieux, d\u00e9posa sa bicyclette contre le mur d&rsquo;une maison en face. Au moment de la reprendre, il constata, &hellip; <a href=\"https:\/\/montreux-vieux.net\/?page_id=20841\">Continuer la lecture <span class=\"meta-nav\">&rarr;<\/span><\/a><\/p>\n","protected":false},"author":1,"featured_media":0,"parent":13044,"menu_order":610,"comment_status":"closed","ping_status":"open","template":"","meta":{"footnotes":""},"class_list":["post-20841","page","type-page","status-publish","hentry"],"_links":{"self":[{"href":"https:\/\/montreux-vieux.net\/index.php?rest_route=\/wp\/v2\/pages\/20841","targetHints":{"allow":["GET"]}}],"collection":[{"href":"https:\/\/montreux-vieux.net\/index.php?rest_route=\/wp\/v2\/pages"}],"about":[{"href":"https:\/\/montreux-vieux.net\/index.php?rest_route=\/wp\/v2\/types\/page"}],"author":[{"embeddable":true,"href":"https:\/\/montreux-vieux.net\/index.php?rest_route=\/wp\/v2\/users\/1"}],"replies":[{"embeddable":true,"href":"https:\/\/montreux-vieux.net\/index.php?rest_route=%2Fwp%2Fv2%2Fcomments&post=20841"}],"version-history":[{"count":1,"href":"https:\/\/montreux-vieux.net\/index.php?rest_route=\/wp\/v2\/pages\/20841\/revisions"}],"predecessor-version":[{"id":20842,"href":"https:\/\/montreux-vieux.net\/index.php?rest_route=\/wp\/v2\/pages\/20841\/revisions\/20842"}],"up":[{"embeddable":true,"href":"https:\/\/montreux-vieux.net\/index.php?rest_route=\/wp\/v2\/pages\/13044"}],"wp:attachment":[{"href":"https:\/\/montreux-vieux.net\/index.php?rest_route=%2Fwp%2Fv2%2Fmedia&parent=20841"}],"curies":[{"name":"wp","href":"https:\/\/api.w.org\/{rel}","templated":true}]}}