{"id":20844,"date":"2020-09-06T10:49:04","date_gmt":"2020-09-06T09:49:04","guid":{"rendered":"http:\/\/montreux-vieux.net\/?page_id=20844"},"modified":"2020-09-06T10:51:44","modified_gmt":"2020-09-06T09:51:44","slug":"verbalisee-pour-navoir-pu-produire-sa-patente","status":"publish","type":"page","link":"https:\/\/montreux-vieux.net\/?page_id=20844","title":{"rendered":"Verbalis\u00e9e pour n&rsquo;avoir pu produire sa patente"},"content":{"rendered":"\n<p>MONTREUX-VIEUX. La\u00a0 norm\u00e9e Chassard Marie , marchande ambulante, avant omis de se munir d une patente, a\u00a0 rencontr\u00e9 les gendarmes A Montreux-Vieux qui lui ont rappel\u00e9 celte obligation par un proc\u00e8s-verbal.<\/p>\n\n\n\n<p>Sources&nbsp;: Express de Mulhouse 16 mars 1921<\/p>\n","protected":false},"excerpt":{"rendered":"<p>MONTREUX-VIEUX. La\u00a0 norm\u00e9e Chassard Marie , marchande ambulante, avant omis de se munir d une patente, a\u00a0 rencontr\u00e9 les gendarmes A Montreux-Vieux qui lui ont rappel\u00e9 celte obligation par un proc\u00e8s-verbal. Sources&nbsp;: Express de Mulhouse 16 mars 1921<\/p>\n","protected":false},"author":1,"featured_media":0,"parent":13044,"menu_order":615,"comment_status":"closed","ping_status":"open","template":"","meta":{"footnotes":""},"class_list":["post-20844","page","type-page","status-publish","hentry"],"_links":{"self":[{"href":"https:\/\/montreux-vieux.net\/index.php?rest_route=\/wp\/v2\/pages\/20844","targetHints":{"allow":["GET"]}}],"collection":[{"href":"https:\/\/montreux-vieux.net\/index.php?rest_route=\/wp\/v2\/pages"}],"about":[{"href":"https:\/\/montreux-vieux.net\/index.php?rest_route=\/wp\/v2\/types\/page"}],"author":[{"embeddable":true,"href":"https:\/\/montreux-vieux.net\/index.php?rest_route=\/wp\/v2\/users\/1"}],"replies":[{"embeddable":true,"href":"https:\/\/montreux-vieux.net\/index.php?rest_route=%2Fwp%2Fv2%2Fcomments&post=20844"}],"version-history":[{"count":2,"href":"https:\/\/montreux-vieux.net\/index.php?rest_route=\/wp\/v2\/pages\/20844\/revisions"}],"predecessor-version":[{"id":20848,"href":"https:\/\/montreux-vieux.net\/index.php?rest_route=\/wp\/v2\/pages\/20844\/revisions\/20848"}],"up":[{"embeddable":true,"href":"https:\/\/montreux-vieux.net\/index.php?rest_route=\/wp\/v2\/pages\/13044"}],"wp:attachment":[{"href":"https:\/\/montreux-vieux.net\/index.php?rest_route=%2Fwp%2Fv2%2Fmedia&parent=20844"}],"curies":[{"name":"wp","href":"https:\/\/api.w.org\/{rel}","templated":true}]}}