{"id":20849,"date":"2020-09-06T10:54:52","date_gmt":"2020-09-06T09:54:52","guid":{"rendered":"http:\/\/montreux-vieux.net\/?page_id=20849"},"modified":"2020-09-06T10:54:52","modified_gmt":"2020-09-06T09:54:52","slug":"le-garde-champetre-besancon-edmond-tombe-dun-wagon-de-foin","status":"publish","type":"page","link":"https:\/\/montreux-vieux.net\/?page_id=20849","title":{"rendered":"Le garde champ\u00eatre Besan\u00e7on Edmond tombe d&rsquo;un wagon de foin"},"content":{"rendered":"\n<p>Notre garde-champ\u00eatre, Besan\u00e7on Edmond&nbsp; 34 ans, p\u00e8re de deux enfants, est tomb\u00e9 d\u2019un wagon de foin qu&rsquo;il \u00e9tait eu train de charger \u00e0 la gare, Comme le chargement \u00e9tait presque&nbsp; termin\u00e9, c\u2019est&nbsp; d&rsquo;une hauteur consid\u00e9rable qu\u2019il&nbsp; est tomb\u00e9 sur la t\u00eate&nbsp; et s&rsquo;est fait de graves l\u00e9sions. Les m\u00e9decins doutent qu\u2019il&nbsp; puisse \u00eatre sauv\u00e9. Dans tout le village on prend une vive part au malheur qui trappe la famille.<\/p>\n\n\n\n<p>Sources&nbsp;: L\u2019Express de Mulhouse 1<sup>er<\/sup> septembre 1922<\/p>\n","protected":false},"excerpt":{"rendered":"<p>Notre garde-champ\u00eatre, Besan\u00e7on Edmond&nbsp; 34 ans, p\u00e8re de deux enfants, est tomb\u00e9 d\u2019un wagon de foin qu&rsquo;il \u00e9tait eu train de charger \u00e0 la gare, Comme le chargement \u00e9tait presque&nbsp; termin\u00e9, c\u2019est&nbsp; d&rsquo;une hauteur consid\u00e9rable qu\u2019il&nbsp; est tomb\u00e9 sur la &hellip; <a href=\"https:\/\/montreux-vieux.net\/?page_id=20849\">Continuer la lecture <span class=\"meta-nav\">&rarr;<\/span><\/a><\/p>\n","protected":false},"author":1,"featured_media":0,"parent":13044,"menu_order":620,"comment_status":"closed","ping_status":"open","template":"","meta":{"footnotes":""},"class_list":["post-20849","page","type-page","status-publish","hentry"],"_links":{"self":[{"href":"https:\/\/montreux-vieux.net\/index.php?rest_route=\/wp\/v2\/pages\/20849","targetHints":{"allow":["GET"]}}],"collection":[{"href":"https:\/\/montreux-vieux.net\/index.php?rest_route=\/wp\/v2\/pages"}],"about":[{"href":"https:\/\/montreux-vieux.net\/index.php?rest_route=\/wp\/v2\/types\/page"}],"author":[{"embeddable":true,"href":"https:\/\/montreux-vieux.net\/index.php?rest_route=\/wp\/v2\/users\/1"}],"replies":[{"embeddable":true,"href":"https:\/\/montreux-vieux.net\/index.php?rest_route=%2Fwp%2Fv2%2Fcomments&post=20849"}],"version-history":[{"count":1,"href":"https:\/\/montreux-vieux.net\/index.php?rest_route=\/wp\/v2\/pages\/20849\/revisions"}],"predecessor-version":[{"id":20850,"href":"https:\/\/montreux-vieux.net\/index.php?rest_route=\/wp\/v2\/pages\/20849\/revisions\/20850"}],"up":[{"embeddable":true,"href":"https:\/\/montreux-vieux.net\/index.php?rest_route=\/wp\/v2\/pages\/13044"}],"wp:attachment":[{"href":"https:\/\/montreux-vieux.net\/index.php?rest_route=%2Fwp%2Fv2%2Fmedia&parent=20849"}],"curies":[{"name":"wp","href":"https:\/\/api.w.org\/{rel}","templated":true}]}}