{"id":20853,"date":"2020-09-07T14:42:24","date_gmt":"2020-09-07T13:42:24","guid":{"rendered":"http:\/\/montreux-vieux.net\/?page_id=20853"},"modified":"2020-09-07T14:42:24","modified_gmt":"2020-09-07T13:42:24","slug":"vol-de-vin","status":"publish","type":"page","link":"https:\/\/montreux-vieux.net\/?page_id=20853","title":{"rendered":"Vol de vin"},"content":{"rendered":"\n<p>Tribunal correctionnel de Troyes. Audience du 11 f\u00e9vrier 1896. Vol Le nomm\u00e9 Fribourg Joseph \u00e2g\u00e9 de 72, ans natif de Montreux-Vieux (Haut Rhin), est poursuivi pour vol d\u00e9 vin au pr\u00e9judice &nbsp;d&rsquo;un sieur Larcher. Le tribunal condamne le pr\u00e9venu, qui est en \u00e9tat de r\u00e9cidive l\u00e9gale, \u00e0 six mois d\u2019emprisonnement.<\/p>\n\n\n\n<p>Sources&nbsp;: Le Petit Troyen 12 f\u00e9vrier 1896<\/p>\n","protected":false},"excerpt":{"rendered":"<p>Tribunal correctionnel de Troyes. Audience du 11 f\u00e9vrier 1896. Vol Le nomm\u00e9 Fribourg Joseph \u00e2g\u00e9 de 72, ans natif de Montreux-Vieux (Haut Rhin), est poursuivi pour vol d\u00e9 vin au pr\u00e9judice &nbsp;d&rsquo;un sieur Larcher. Le tribunal condamne le pr\u00e9venu, qui &hellip; <a href=\"https:\/\/montreux-vieux.net\/?page_id=20853\">Continuer la lecture <span class=\"meta-nav\">&rarr;<\/span><\/a><\/p>\n","protected":false},"author":1,"featured_media":0,"parent":13044,"menu_order":625,"comment_status":"closed","ping_status":"open","template":"","meta":{"footnotes":""},"class_list":["post-20853","page","type-page","status-publish","hentry"],"_links":{"self":[{"href":"https:\/\/montreux-vieux.net\/index.php?rest_route=\/wp\/v2\/pages\/20853","targetHints":{"allow":["GET"]}}],"collection":[{"href":"https:\/\/montreux-vieux.net\/index.php?rest_route=\/wp\/v2\/pages"}],"about":[{"href":"https:\/\/montreux-vieux.net\/index.php?rest_route=\/wp\/v2\/types\/page"}],"author":[{"embeddable":true,"href":"https:\/\/montreux-vieux.net\/index.php?rest_route=\/wp\/v2\/users\/1"}],"replies":[{"embeddable":true,"href":"https:\/\/montreux-vieux.net\/index.php?rest_route=%2Fwp%2Fv2%2Fcomments&post=20853"}],"version-history":[{"count":1,"href":"https:\/\/montreux-vieux.net\/index.php?rest_route=\/wp\/v2\/pages\/20853\/revisions"}],"predecessor-version":[{"id":20854,"href":"https:\/\/montreux-vieux.net\/index.php?rest_route=\/wp\/v2\/pages\/20853\/revisions\/20854"}],"up":[{"embeddable":true,"href":"https:\/\/montreux-vieux.net\/index.php?rest_route=\/wp\/v2\/pages\/13044"}],"wp:attachment":[{"href":"https:\/\/montreux-vieux.net\/index.php?rest_route=%2Fwp%2Fv2%2Fmedia&parent=20853"}],"curies":[{"name":"wp","href":"https:\/\/api.w.org\/{rel}","templated":true}]}}