{"id":20856,"date":"2020-09-07T14:47:07","date_gmt":"2020-09-07T13:47:07","guid":{"rendered":"http:\/\/montreux-vieux.net\/?page_id=20856"},"modified":"2020-09-09T15:26:57","modified_gmt":"2020-09-09T14:26:57","slug":"accident-mortel","status":"publish","type":"page","link":"https:\/\/montreux-vieux.net\/?page_id=20856","title":{"rendered":"Accident mortel"},"content":{"rendered":"\n<p>Accident mortel. \u2014 M. Jacques Block, originaire de Hagenbach (Haut-Rhin), marchand de bestiaux, \u00e0 Foussemagne, a \u00e9t\u00e9 renvers\u00e9 par une auto que conduisait M. Barbier Ernest, 22 ans, n\u00e9gociant en vins \u00e0 Montreux-Vieux. Celui-ci allant \u00e0 Fontaine pour y faire des livraisons, traversait Frais, quand il vit, \u00e0 200 m\u00e8tres de lui, un pi\u00e9ton au milieu de la chauss\u00e9e. Plusieurs fois, M. Barbier fit usage de son avertisseur ; mais le vieillard n\u2019obliqua que l\u00e9g\u00e8rement \u00e0 droite et, quand l\u2019auto arriva sur lui, machinalement, il se porta sur sa gauche. Malgr\u00e9 le brusque coup de volant donn\u00e9 par l\u2019automobiliste, M. Block fut accroch\u00e9 par l\u2019arri\u00e8re de la voiture et gri\u00e8vement bless\u00e9.<\/p>\n\n\n\n<p>Transport\u00e9 d\u2019abord, par M. Barbier, chez M. Kohler Joseph, o\u00f9 le docteur Gross, de Dannemarie. lui donna les premiers soins, le vieillard mourut, sans avoir repris connaissance, \u00e0 l&rsquo;h\u00f4pital de cette localit\u00e9 o\u00f9 il avait \u00e9t\u00e9 ensuite conduit.<\/p>\n\n\n\n<p>Les gendarmes de Montreux-Ch\u00e2teau ont ouvert une enqu\u00eate.<\/p>\n\n\n\n<p>Sources\u00a0: Le R\u00e9publicain de Belfort 12 novembre 1932<\/p>\n\n\n\n<p>Acquitt\u00e9. \u2014 Le 7 novembre, au matin, M. Ernesl Barbier, 22 ans, marchand de vins \u00e0 Montreux-Vieux, renversait sur la route de Frais \u00e0 Fontaine, un vieillard. M. Bloch, marchand de bestiaux \u00e0 Foussemagne, qui mourut quelques heures apures l\u2019accident.<\/p>\n\n\n\n<p>L\u2019affaire a eu vendredi son \u00e9pilogue devant les juges de Belfort qui, dans le doute de la responsabilit\u00e9 de M. Barlier, ont prononc\u00e9 un acquittement.<\/p>\n\n\n\n<p>Sources&nbsp;: Le R\u00e9publicain de Belfort 28 d\u00e9cembre 1932<\/p>\n","protected":false},"excerpt":{"rendered":"<p>Accident mortel. \u2014 M. Jacques Block, originaire de Hagenbach (Haut-Rhin), marchand de bestiaux, \u00e0 Foussemagne, a \u00e9t\u00e9 renvers\u00e9 par une auto que conduisait M. Barbier Ernest, 22 ans, n\u00e9gociant en vins \u00e0 Montreux-Vieux. Celui-ci allant \u00e0 Fontaine pour y faire &hellip; <a href=\"https:\/\/montreux-vieux.net\/?page_id=20856\">Continuer la lecture <span class=\"meta-nav\">&rarr;<\/span><\/a><\/p>\n","protected":false},"author":1,"featured_media":0,"parent":13044,"menu_order":630,"comment_status":"closed","ping_status":"open","template":"","meta":{"footnotes":""},"class_list":["post-20856","page","type-page","status-publish","hentry"],"_links":{"self":[{"href":"https:\/\/montreux-vieux.net\/index.php?rest_route=\/wp\/v2\/pages\/20856","targetHints":{"allow":["GET"]}}],"collection":[{"href":"https:\/\/montreux-vieux.net\/index.php?rest_route=\/wp\/v2\/pages"}],"about":[{"href":"https:\/\/montreux-vieux.net\/index.php?rest_route=\/wp\/v2\/types\/page"}],"author":[{"embeddable":true,"href":"https:\/\/montreux-vieux.net\/index.php?rest_route=\/wp\/v2\/users\/1"}],"replies":[{"embeddable":true,"href":"https:\/\/montreux-vieux.net\/index.php?rest_route=%2Fwp%2Fv2%2Fcomments&post=20856"}],"version-history":[{"count":2,"href":"https:\/\/montreux-vieux.net\/index.php?rest_route=\/wp\/v2\/pages\/20856\/revisions"}],"predecessor-version":[{"id":20885,"href":"https:\/\/montreux-vieux.net\/index.php?rest_route=\/wp\/v2\/pages\/20856\/revisions\/20885"}],"up":[{"embeddable":true,"href":"https:\/\/montreux-vieux.net\/index.php?rest_route=\/wp\/v2\/pages\/13044"}],"wp:attachment":[{"href":"https:\/\/montreux-vieux.net\/index.php?rest_route=%2Fwp%2Fv2%2Fmedia&parent=20856"}],"curies":[{"name":"wp","href":"https:\/\/api.w.org\/{rel}","templated":true}]}}