{"id":20859,"date":"2020-09-07T14:53:43","date_gmt":"2020-09-07T13:53:43","guid":{"rendered":"http:\/\/montreux-vieux.net\/?page_id=20859"},"modified":"2020-09-07T14:53:43","modified_gmt":"2020-09-07T13:53:43","slug":"un-italien-accuse-de-vol-et-de-meurtre","status":"publish","type":"page","link":"https:\/\/montreux-vieux.net\/?page_id=20859","title":{"rendered":"Un Italien accus\u00e9 de vol et de meurtre"},"content":{"rendered":"\n<p>Montreux-vieux. \u2014 Vendredi dernier, l\u2019autorit\u00e9 fran\u00e7aise a remis entre les mains de la police allemande un Italien qui est accuse d\u2019avoir commis un vol et un meurtre \u00e0 Essen, en Allemagne, et qui s\u2019\u00e9tait r\u00e9fugi\u00e9 dans le midi de la France. Il a \u00e9t\u00ea dirig\u00e9 aussit\u00f4t sur la ville d\u2019Essen, pour y r\u00e9pondre du m\u00e9fait qui lui est imput\u00e9.<\/p>\n\n\n\n<p>Sources&nbsp;: Express 11 mai 1885<\/p>\n","protected":false},"excerpt":{"rendered":"<p>Montreux-vieux. \u2014 Vendredi dernier, l\u2019autorit\u00e9 fran\u00e7aise a remis entre les mains de la police allemande un Italien qui est accuse d\u2019avoir commis un vol et un meurtre \u00e0 Essen, en Allemagne, et qui s\u2019\u00e9tait r\u00e9fugi\u00e9 dans le midi de la &hellip; <a href=\"https:\/\/montreux-vieux.net\/?page_id=20859\">Continuer la lecture <span class=\"meta-nav\">&rarr;<\/span><\/a><\/p>\n","protected":false},"author":1,"featured_media":0,"parent":13044,"menu_order":635,"comment_status":"closed","ping_status":"open","template":"","meta":{"footnotes":""},"class_list":["post-20859","page","type-page","status-publish","hentry"],"_links":{"self":[{"href":"https:\/\/montreux-vieux.net\/index.php?rest_route=\/wp\/v2\/pages\/20859","targetHints":{"allow":["GET"]}}],"collection":[{"href":"https:\/\/montreux-vieux.net\/index.php?rest_route=\/wp\/v2\/pages"}],"about":[{"href":"https:\/\/montreux-vieux.net\/index.php?rest_route=\/wp\/v2\/types\/page"}],"author":[{"embeddable":true,"href":"https:\/\/montreux-vieux.net\/index.php?rest_route=\/wp\/v2\/users\/1"}],"replies":[{"embeddable":true,"href":"https:\/\/montreux-vieux.net\/index.php?rest_route=%2Fwp%2Fv2%2Fcomments&post=20859"}],"version-history":[{"count":1,"href":"https:\/\/montreux-vieux.net\/index.php?rest_route=\/wp\/v2\/pages\/20859\/revisions"}],"predecessor-version":[{"id":20860,"href":"https:\/\/montreux-vieux.net\/index.php?rest_route=\/wp\/v2\/pages\/20859\/revisions\/20860"}],"up":[{"embeddable":true,"href":"https:\/\/montreux-vieux.net\/index.php?rest_route=\/wp\/v2\/pages\/13044"}],"wp:attachment":[{"href":"https:\/\/montreux-vieux.net\/index.php?rest_route=%2Fwp%2Fv2%2Fmedia&parent=20859"}],"curies":[{"name":"wp","href":"https:\/\/api.w.org\/{rel}","templated":true}]}}