{"id":20867,"date":"2020-09-08T16:47:00","date_gmt":"2020-09-08T15:47:00","guid":{"rendered":"http:\/\/montreux-vieux.net\/?page_id=20867"},"modified":"2020-09-25T16:36:26","modified_gmt":"2020-09-25T15:36:26","slug":"transport-dargent","status":"publish","type":"page","link":"https:\/\/montreux-vieux.net\/?page_id=20867","title":{"rendered":"Transport d&rsquo;argent"},"content":{"rendered":"\n<p>Montreux-Vieux. \u2014 On nous \u00e9crit le 9 Il passe depuis quelque temps ici des char gements d\u2019argent monnay\u00e9 venant de Paris et destin\u00e9 \u00e0 la Suisse. Un wagon complet d\u2019argent a pass\u00e9 samedi. Il va sans dire que des transports de ce genre sont soumis a des r\u00e8glements sp\u00e9ciaux.<\/p>\n\n\n\n<p>Sources&nbsp;: Express 10 octobre 1893<\/p>\n\n\n\n<p>L&rsquo;argent fran\u00e7ais en Suisse \u2014 On \u00e9crit de Montreux-Vieux \u00e0 l&rsquo;Express de Mulhouse :<\/p>\n\n\n\n<p>De forts envois d&rsquo;argent monnay\u00e9 venant de Paris passent depuis quelque temps&rsquo; ici \u00e0 destination de la Suisse II a pass\u00e9 hier, apr\u00e8s-midi, pour un million de monnaies d\u2019argent. \u00bb<\/p>\n\n\n\n<p>Sources\u00a0: La Libert\u00e9 31 octobre 1894<\/p>\n\n\n\n<p>Il a pass\u00e9&nbsp; aussi, ces jours-ci, plusieurs wagon&nbsp; complets d\u2019argent monnay\u00e9 venant de Paris \u00e0 destination de la Suisse.<\/p>\n\n\n\n<p>Sources&nbsp;:L\u2019Express 3 novembre 1895<\/p>\n","protected":false},"excerpt":{"rendered":"<p>Montreux-Vieux. \u2014 On nous \u00e9crit le 9 Il passe depuis quelque temps ici des char gements d\u2019argent monnay\u00e9 venant de Paris et destin\u00e9 \u00e0 la Suisse. Un wagon complet d\u2019argent a pass\u00e9 samedi. Il va sans dire que des transports &hellip; <a href=\"https:\/\/montreux-vieux.net\/?page_id=20867\">Continuer la lecture <span class=\"meta-nav\">&rarr;<\/span><\/a><\/p>\n","protected":false},"author":1,"featured_media":0,"parent":13007,"menu_order":100,"comment_status":"closed","ping_status":"open","template":"","meta":{"footnotes":""},"class_list":["post-20867","page","type-page","status-publish","hentry"],"_links":{"self":[{"href":"https:\/\/montreux-vieux.net\/index.php?rest_route=\/wp\/v2\/pages\/20867","targetHints":{"allow":["GET"]}}],"collection":[{"href":"https:\/\/montreux-vieux.net\/index.php?rest_route=\/wp\/v2\/pages"}],"about":[{"href":"https:\/\/montreux-vieux.net\/index.php?rest_route=\/wp\/v2\/types\/page"}],"author":[{"embeddable":true,"href":"https:\/\/montreux-vieux.net\/index.php?rest_route=\/wp\/v2\/users\/1"}],"replies":[{"embeddable":true,"href":"https:\/\/montreux-vieux.net\/index.php?rest_route=%2Fwp%2Fv2%2Fcomments&post=20867"}],"version-history":[{"count":3,"href":"https:\/\/montreux-vieux.net\/index.php?rest_route=\/wp\/v2\/pages\/20867\/revisions"}],"predecessor-version":[{"id":21134,"href":"https:\/\/montreux-vieux.net\/index.php?rest_route=\/wp\/v2\/pages\/20867\/revisions\/21134"}],"up":[{"embeddable":true,"href":"https:\/\/montreux-vieux.net\/index.php?rest_route=\/wp\/v2\/pages\/13007"}],"wp:attachment":[{"href":"https:\/\/montreux-vieux.net\/index.php?rest_route=%2Fwp%2Fv2%2Fmedia&parent=20867"}],"curies":[{"name":"wp","href":"https:\/\/api.w.org\/{rel}","templated":true}]}}