{"id":20876,"date":"2020-09-09T10:16:43","date_gmt":"2020-09-09T09:16:43","guid":{"rendered":"http:\/\/montreux-vieux.net\/?page_id=20876"},"modified":"2020-09-09T10:16:43","modified_gmt":"2020-09-09T09:16:43","slug":"m-haynemann-commissaire-a-ete-attache-a-la-police-de-metz","status":"publish","type":"page","link":"https:\/\/montreux-vieux.net\/?page_id=20876","title":{"rendered":"M. Haynemann, commissaire a \u00e9t\u00e9 attach\u00e9 \u00e0 la police de Metz"},"content":{"rendered":"\n<p>M. Haynemann, capitaine en retraite, qui avait \u00e9t\u00e9 charg\u00e9 provisoirement des fonctions de commissaire de police de fronti\u00e8re \u00e0 Montreux-Vieux, a \u00e9t\u00e9 attach\u00e9 \u00e0 la direction de police \u00e0 Metz, et M. Wittwer \u00e0 Nov\u00e9ant a \u00e9t\u00e9 charg\u00e9 des fonctions en question.<\/p>\n\n\n\n<p>Sources&nbsp;: Express 14 f\u00e9vrier 1889<\/p>\n","protected":false},"excerpt":{"rendered":"<p>M. Haynemann, capitaine en retraite, qui avait \u00e9t\u00e9 charg\u00e9 provisoirement des fonctions de commissaire de police de fronti\u00e8re \u00e0 Montreux-Vieux, a \u00e9t\u00e9 attach\u00e9 \u00e0 la direction de police \u00e0 Metz, et M. Wittwer \u00e0 Nov\u00e9ant a \u00e9t\u00e9 charg\u00e9 des fonctions &hellip; <a href=\"https:\/\/montreux-vieux.net\/?page_id=20876\">Continuer la lecture <span class=\"meta-nav\">&rarr;<\/span><\/a><\/p>\n","protected":false},"author":1,"featured_media":0,"parent":20403,"menu_order":25,"comment_status":"closed","ping_status":"open","template":"","meta":{"footnotes":""},"class_list":["post-20876","page","type-page","status-publish","hentry"],"_links":{"self":[{"href":"https:\/\/montreux-vieux.net\/index.php?rest_route=\/wp\/v2\/pages\/20876","targetHints":{"allow":["GET"]}}],"collection":[{"href":"https:\/\/montreux-vieux.net\/index.php?rest_route=\/wp\/v2\/pages"}],"about":[{"href":"https:\/\/montreux-vieux.net\/index.php?rest_route=\/wp\/v2\/types\/page"}],"author":[{"embeddable":true,"href":"https:\/\/montreux-vieux.net\/index.php?rest_route=\/wp\/v2\/users\/1"}],"replies":[{"embeddable":true,"href":"https:\/\/montreux-vieux.net\/index.php?rest_route=%2Fwp%2Fv2%2Fcomments&post=20876"}],"version-history":[{"count":1,"href":"https:\/\/montreux-vieux.net\/index.php?rest_route=\/wp\/v2\/pages\/20876\/revisions"}],"predecessor-version":[{"id":20877,"href":"https:\/\/montreux-vieux.net\/index.php?rest_route=\/wp\/v2\/pages\/20876\/revisions\/20877"}],"up":[{"embeddable":true,"href":"https:\/\/montreux-vieux.net\/index.php?rest_route=\/wp\/v2\/pages\/20403"}],"wp:attachment":[{"href":"https:\/\/montreux-vieux.net\/index.php?rest_route=%2Fwp%2Fv2%2Fmedia&parent=20876"}],"curies":[{"name":"wp","href":"https:\/\/api.w.org\/{rel}","templated":true}]}}