{"id":20879,"date":"2020-09-09T10:23:02","date_gmt":"2020-09-09T09:23:02","guid":{"rendered":"http:\/\/montreux-vieux.net\/?page_id=20879"},"modified":"2020-09-09T10:23:02","modified_gmt":"2020-09-09T09:23:02","slug":"condamne-pour-port-illegal-darme","status":"publish","type":"page","link":"https:\/\/montreux-vieux.net\/?page_id=20879","title":{"rendered":"Condamn\u00e9 pour port ill\u00e9gal d&rsquo;arme"},"content":{"rendered":"\n<p>TRIBUNAL CORRECTIONNEL DE MULHOUSE\u00a0 Audience du 1er juillet Marcel-Joseph-Jean Schmitt, \u00e2g\u00e9 de 20 ans,  installateur ici, qui portait sur lui un coup-de- poing am\u00e9ricain, \u00e0 Montreux-Vieux, a \u00e9t\u00e9 condamn\u00e9 \u00e0 5 M. d\u2019amende ou 1 jour de prison pour port d\u2019arme ill\u00e9gal. L\u2019arme a \u00e9t\u00e9 saisie.<\/p>\n\n\n\n<p>Sources&nbsp;: L\u2019Express 5 juillet 1910<\/p>\n","protected":false},"excerpt":{"rendered":"<p>TRIBUNAL CORRECTIONNEL DE MULHOUSE\u00a0 Audience du 1er juillet Marcel-Joseph-Jean Schmitt, \u00e2g\u00e9 de 20 ans, installateur ici, qui portait sur lui un coup-de- poing am\u00e9ricain, \u00e0 Montreux-Vieux, a \u00e9t\u00e9 condamn\u00e9 \u00e0 5 M. d\u2019amende ou 1 jour de prison pour port &hellip; <a href=\"https:\/\/montreux-vieux.net\/?page_id=20879\">Continuer la lecture <span class=\"meta-nav\">&rarr;<\/span><\/a><\/p>\n","protected":false},"author":1,"featured_media":0,"parent":13044,"menu_order":645,"comment_status":"closed","ping_status":"open","template":"","meta":{"footnotes":""},"class_list":["post-20879","page","type-page","status-publish","hentry"],"_links":{"self":[{"href":"https:\/\/montreux-vieux.net\/index.php?rest_route=\/wp\/v2\/pages\/20879","targetHints":{"allow":["GET"]}}],"collection":[{"href":"https:\/\/montreux-vieux.net\/index.php?rest_route=\/wp\/v2\/pages"}],"about":[{"href":"https:\/\/montreux-vieux.net\/index.php?rest_route=\/wp\/v2\/types\/page"}],"author":[{"embeddable":true,"href":"https:\/\/montreux-vieux.net\/index.php?rest_route=\/wp\/v2\/users\/1"}],"replies":[{"embeddable":true,"href":"https:\/\/montreux-vieux.net\/index.php?rest_route=%2Fwp%2Fv2%2Fcomments&post=20879"}],"version-history":[{"count":1,"href":"https:\/\/montreux-vieux.net\/index.php?rest_route=\/wp\/v2\/pages\/20879\/revisions"}],"predecessor-version":[{"id":20880,"href":"https:\/\/montreux-vieux.net\/index.php?rest_route=\/wp\/v2\/pages\/20879\/revisions\/20880"}],"up":[{"embeddable":true,"href":"https:\/\/montreux-vieux.net\/index.php?rest_route=\/wp\/v2\/pages\/13044"}],"wp:attachment":[{"href":"https:\/\/montreux-vieux.net\/index.php?rest_route=%2Fwp%2Fv2%2Fmedia&parent=20879"}],"curies":[{"name":"wp","href":"https:\/\/api.w.org\/{rel}","templated":true}]}}