{"id":20882,"date":"2020-09-09T10:28:41","date_gmt":"2020-09-09T09:28:41","guid":{"rendered":"http:\/\/montreux-vieux.net\/?page_id=20882"},"modified":"2020-09-09T10:28:41","modified_gmt":"2020-09-09T09:28:41","slug":"arrestation-despions","status":"publish","type":"page","link":"https:\/\/montreux-vieux.net\/?page_id=20882","title":{"rendered":"Arrestation d&rsquo;espions"},"content":{"rendered":"\n<p>Samedi dernier, un journal de Mulhouse annon\u00e7ait que quatre personnes signal\u00e9es au service de la s\u00fbret\u00e9 par le commissaire sp\u00e9cial allemand de Montreux-Vieux avaient \u00e9t\u00e9 arr\u00eat\u00e9es sous l\u2019inculpation d\u2019espionnage. La nouvelle est exacte. Des agents ont proc\u00e9d\u00e9 \u00e0 l\u2019arrestation d\u2019un nomm\u00e9 A&#8230; au moment o\u00f9 celui-ci descendait \u00e0 la gare de Mulhouse du train venant de France. Les autres inculp\u00e9s sont une femme de 60 ans, son fils et un autre jeune homme. Tous quatre sont \u00e9crou\u00e9s \u00e0 Strasbourg en &nbsp;attendant qu\u2019ils soient dirig\u00e9s sur Leipzig.<\/p>\n\n\n\n<p>Sources&nbsp;: Journal de la ville de St Quentin 24 f\u00e9vrier 1909<\/p>\n","protected":false},"excerpt":{"rendered":"<p>Samedi dernier, un journal de Mulhouse annon\u00e7ait que quatre personnes signal\u00e9es au service de la s\u00fbret\u00e9 par le commissaire sp\u00e9cial allemand de Montreux-Vieux avaient \u00e9t\u00e9 arr\u00eat\u00e9es sous l\u2019inculpation d\u2019espionnage. La nouvelle est exacte. Des agents ont proc\u00e9d\u00e9 \u00e0 l\u2019arrestation d\u2019un &hellip; <a href=\"https:\/\/montreux-vieux.net\/?page_id=20882\">Continuer la lecture <span class=\"meta-nav\">&rarr;<\/span><\/a><\/p>\n","protected":false},"author":1,"featured_media":0,"parent":20403,"menu_order":30,"comment_status":"closed","ping_status":"open","template":"","meta":{"footnotes":""},"class_list":["post-20882","page","type-page","status-publish","hentry"],"_links":{"self":[{"href":"https:\/\/montreux-vieux.net\/index.php?rest_route=\/wp\/v2\/pages\/20882","targetHints":{"allow":["GET"]}}],"collection":[{"href":"https:\/\/montreux-vieux.net\/index.php?rest_route=\/wp\/v2\/pages"}],"about":[{"href":"https:\/\/montreux-vieux.net\/index.php?rest_route=\/wp\/v2\/types\/page"}],"author":[{"embeddable":true,"href":"https:\/\/montreux-vieux.net\/index.php?rest_route=\/wp\/v2\/users\/1"}],"replies":[{"embeddable":true,"href":"https:\/\/montreux-vieux.net\/index.php?rest_route=%2Fwp%2Fv2%2Fcomments&post=20882"}],"version-history":[{"count":1,"href":"https:\/\/montreux-vieux.net\/index.php?rest_route=\/wp\/v2\/pages\/20882\/revisions"}],"predecessor-version":[{"id":20883,"href":"https:\/\/montreux-vieux.net\/index.php?rest_route=\/wp\/v2\/pages\/20882\/revisions\/20883"}],"up":[{"embeddable":true,"href":"https:\/\/montreux-vieux.net\/index.php?rest_route=\/wp\/v2\/pages\/20403"}],"wp:attachment":[{"href":"https:\/\/montreux-vieux.net\/index.php?rest_route=%2Fwp%2Fv2%2Fmedia&parent=20882"}],"curies":[{"name":"wp","href":"https:\/\/api.w.org\/{rel}","templated":true}]}}