{"id":20895,"date":"2020-09-10T16:07:27","date_gmt":"2020-09-10T15:07:27","guid":{"rendered":"http:\/\/montreux-vieux.net\/?page_id=20895"},"modified":"2020-09-10T16:07:27","modified_gmt":"2020-09-10T15:07:27","slug":"cris-seditieux-en-alsace-lorraine","status":"publish","type":"page","link":"https:\/\/montreux-vieux.net\/?page_id=20895","title":{"rendered":"Cris s\u00e9ditieux en Alsace-Lorraine"},"content":{"rendered":"\n<p>.Cris s\u00e9ditieux en Alsace-Lorraine On \u00e9crit de Roppenzweiler le 9 \u00e0 l&rsquo;Express : Le nomm\u00e9 Bilger (Jean-Baptiste), ancien militaire pensionn\u00e9 du gouvernement fran\u00e7ais, rentrait l\u2019autre jour de Belfort o\u00f9 il avait \u00e9t\u00e9 toucher sa pension; \u00e9tant pris de vin, il s\u2019est mis \u00e0 injurier les gendarmes stationn\u00e9s \u00e0 Montreux-Vieux; il a de plus pouss\u00e9, \u00e0 plusieurs reprises, des cris s\u00e9ditieux. Recherch\u00e9 pour ce fait par la gendarmerie, il a \u00e9t\u00e9 arr\u00eat\u00e9 hier \u00e0 Durmenach et conduit \u00e0 Mulhouse, o\u00f9 il sera jug\u00e9. Comme il est veuf, la commune va \u00eatre oblig\u00e9e de pourvoir \u00e0 la subsistance de ses enfants qui sont sans ressources<\/p>\n\n\n\n<p>Sources&nbsp;: La Cocarde 12 juillet 1889<\/p>\n","protected":false},"excerpt":{"rendered":"<p>.Cris s\u00e9ditieux en Alsace-Lorraine On \u00e9crit de Roppenzweiler le 9 \u00e0 l&rsquo;Express : Le nomm\u00e9 Bilger (Jean-Baptiste), ancien militaire pensionn\u00e9 du gouvernement fran\u00e7ais, rentrait l\u2019autre jour de Belfort o\u00f9 il avait \u00e9t\u00e9 toucher sa pension; \u00e9tant pris de vin, il &hellip; <a href=\"https:\/\/montreux-vieux.net\/?page_id=20895\">Continuer la lecture <span class=\"meta-nav\">&rarr;<\/span><\/a><\/p>\n","protected":false},"author":1,"featured_media":0,"parent":13044,"menu_order":650,"comment_status":"closed","ping_status":"open","template":"","meta":{"footnotes":""},"class_list":["post-20895","page","type-page","status-publish","hentry"],"_links":{"self":[{"href":"https:\/\/montreux-vieux.net\/index.php?rest_route=\/wp\/v2\/pages\/20895","targetHints":{"allow":["GET"]}}],"collection":[{"href":"https:\/\/montreux-vieux.net\/index.php?rest_route=\/wp\/v2\/pages"}],"about":[{"href":"https:\/\/montreux-vieux.net\/index.php?rest_route=\/wp\/v2\/types\/page"}],"author":[{"embeddable":true,"href":"https:\/\/montreux-vieux.net\/index.php?rest_route=\/wp\/v2\/users\/1"}],"replies":[{"embeddable":true,"href":"https:\/\/montreux-vieux.net\/index.php?rest_route=%2Fwp%2Fv2%2Fcomments&post=20895"}],"version-history":[{"count":1,"href":"https:\/\/montreux-vieux.net\/index.php?rest_route=\/wp\/v2\/pages\/20895\/revisions"}],"predecessor-version":[{"id":20896,"href":"https:\/\/montreux-vieux.net\/index.php?rest_route=\/wp\/v2\/pages\/20895\/revisions\/20896"}],"up":[{"embeddable":true,"href":"https:\/\/montreux-vieux.net\/index.php?rest_route=\/wp\/v2\/pages\/13044"}],"wp:attachment":[{"href":"https:\/\/montreux-vieux.net\/index.php?rest_route=%2Fwp%2Fv2%2Fmedia&parent=20895"}],"curies":[{"name":"wp","href":"https:\/\/api.w.org\/{rel}","templated":true}]}}