{"id":20898,"date":"2020-09-10T16:12:02","date_gmt":"2020-09-10T15:12:02","guid":{"rendered":"http:\/\/montreux-vieux.net\/?page_id=20898"},"modified":"2020-09-10T16:12:02","modified_gmt":"2020-09-10T15:12:02","slug":"port-darmes-prohibee","status":"publish","type":"page","link":"https:\/\/montreux-vieux.net\/?page_id=20898","title":{"rendered":"Port d&rsquo;armes prohib\u00e9e"},"content":{"rendered":"\n<p>L\u2019invalide Jean-Baptiste Kreder, \u00e0 Illkirch, fut trouv\u00e9 porteur d\u2019un revolver, le 9 ao\u00fbt, \u00e0 Montreux-Vieux. Il est condamn\u00e9 pour port d\u2019arme prohib\u00e9e \u00e0 5 M. d\u2019amende ou 1 jour de prison. Le revolver est confisqu\u00e9.<\/p>\n\n\n\n<p>Sources&nbsp;: Express 9 novembre 1912<\/p>\n","protected":false},"excerpt":{"rendered":"<p>L\u2019invalide Jean-Baptiste Kreder, \u00e0 Illkirch, fut trouv\u00e9 porteur d\u2019un revolver, le 9 ao\u00fbt, \u00e0 Montreux-Vieux. Il est condamn\u00e9 pour port d\u2019arme prohib\u00e9e \u00e0 5 M. d\u2019amende ou 1 jour de prison. Le revolver est confisqu\u00e9. Sources&nbsp;: Express 9 novembre 1912<\/p>\n","protected":false},"author":1,"featured_media":0,"parent":13044,"menu_order":655,"comment_status":"closed","ping_status":"open","template":"","meta":{"footnotes":""},"class_list":["post-20898","page","type-page","status-publish","hentry"],"_links":{"self":[{"href":"https:\/\/montreux-vieux.net\/index.php?rest_route=\/wp\/v2\/pages\/20898","targetHints":{"allow":["GET"]}}],"collection":[{"href":"https:\/\/montreux-vieux.net\/index.php?rest_route=\/wp\/v2\/pages"}],"about":[{"href":"https:\/\/montreux-vieux.net\/index.php?rest_route=\/wp\/v2\/types\/page"}],"author":[{"embeddable":true,"href":"https:\/\/montreux-vieux.net\/index.php?rest_route=\/wp\/v2\/users\/1"}],"replies":[{"embeddable":true,"href":"https:\/\/montreux-vieux.net\/index.php?rest_route=%2Fwp%2Fv2%2Fcomments&post=20898"}],"version-history":[{"count":1,"href":"https:\/\/montreux-vieux.net\/index.php?rest_route=\/wp\/v2\/pages\/20898\/revisions"}],"predecessor-version":[{"id":20899,"href":"https:\/\/montreux-vieux.net\/index.php?rest_route=\/wp\/v2\/pages\/20898\/revisions\/20899"}],"up":[{"embeddable":true,"href":"https:\/\/montreux-vieux.net\/index.php?rest_route=\/wp\/v2\/pages\/13044"}],"wp:attachment":[{"href":"https:\/\/montreux-vieux.net\/index.php?rest_route=%2Fwp%2Fv2%2Fmedia&parent=20898"}],"curies":[{"name":"wp","href":"https:\/\/api.w.org\/{rel}","templated":true}]}}