{"id":20901,"date":"2020-09-10T16:15:25","date_gmt":"2020-09-10T15:15:25","guid":{"rendered":"http:\/\/montreux-vieux.net\/?page_id=20901"},"modified":"2020-09-10T16:15:25","modified_gmt":"2020-09-10T15:15:25","slug":"maraudeurs-en-auto","status":"publish","type":"page","link":"https:\/\/montreux-vieux.net\/?page_id=20901","title":{"rendered":"Maraudeurs en auto"},"content":{"rendered":"\n<p>MONTREUX-VIEUX Maraudeurs en auto&#8230;un sac de pommes, dans son verger, le cultivateur M. L. le fit basculer dans les herbes du foss\u00e9, puis s\u2019en fut vaquer \u00e0 d\u2019autres travaux. Mais lorsqu\u2019il revint, le sac avait disparu, emport\u00e9, affirment des t\u00e9moins, par un automobiliste qui, ayant aper\u00e7u les pommes au bord de la chauss\u00e9e, les avait tout simplement charg\u00e9es dans sa voiture..<\/p>\n\n\n\n<p>Sources&nbsp;: L\u2019Express 22 Septembre 1934<\/p>\n","protected":false},"excerpt":{"rendered":"<p>MONTREUX-VIEUX Maraudeurs en auto&#8230;un sac de pommes, dans son verger, le cultivateur M. L. le fit basculer dans les herbes du foss\u00e9, puis s\u2019en fut vaquer \u00e0 d\u2019autres travaux. Mais lorsqu\u2019il revint, le sac avait disparu, emport\u00e9, affirment des t\u00e9moins, &hellip; <a href=\"https:\/\/montreux-vieux.net\/?page_id=20901\">Continuer la lecture <span class=\"meta-nav\">&rarr;<\/span><\/a><\/p>\n","protected":false},"author":1,"featured_media":0,"parent":13044,"menu_order":660,"comment_status":"closed","ping_status":"open","template":"","meta":{"footnotes":""},"class_list":["post-20901","page","type-page","status-publish","hentry"],"_links":{"self":[{"href":"https:\/\/montreux-vieux.net\/index.php?rest_route=\/wp\/v2\/pages\/20901","targetHints":{"allow":["GET"]}}],"collection":[{"href":"https:\/\/montreux-vieux.net\/index.php?rest_route=\/wp\/v2\/pages"}],"about":[{"href":"https:\/\/montreux-vieux.net\/index.php?rest_route=\/wp\/v2\/types\/page"}],"author":[{"embeddable":true,"href":"https:\/\/montreux-vieux.net\/index.php?rest_route=\/wp\/v2\/users\/1"}],"replies":[{"embeddable":true,"href":"https:\/\/montreux-vieux.net\/index.php?rest_route=%2Fwp%2Fv2%2Fcomments&post=20901"}],"version-history":[{"count":1,"href":"https:\/\/montreux-vieux.net\/index.php?rest_route=\/wp\/v2\/pages\/20901\/revisions"}],"predecessor-version":[{"id":20902,"href":"https:\/\/montreux-vieux.net\/index.php?rest_route=\/wp\/v2\/pages\/20901\/revisions\/20902"}],"up":[{"embeddable":true,"href":"https:\/\/montreux-vieux.net\/index.php?rest_route=\/wp\/v2\/pages\/13044"}],"wp:attachment":[{"href":"https:\/\/montreux-vieux.net\/index.php?rest_route=%2Fwp%2Fv2%2Fmedia&parent=20901"}],"curies":[{"name":"wp","href":"https:\/\/api.w.org\/{rel}","templated":true}]}}